{"id":154,"date":"2016-06-15T13:06:20","date_gmt":"2016-06-15T12:06:20","guid":{"rendered":"http:\/\/pensionukostela.cz\/?page_id=154"},"modified":"2017-05-04T19:31:40","modified_gmt":"2017-05-04T18:31:40","slug":"terasa-2","status":"publish","type":"page","link":"https:\/\/www.pensionukostela.cz\/de\/terasa-2\/","title":{"rendered":"Terrasse"},"content":{"rendered":"<p>Terasa k\u00a0apartm\u00e1n\u016fm a pensionu le\u017e\u00ed na jednom z nejkr\u00e1sn\u011bj\u0161\u00edch m\u00edstech\u00a0 \u0160umavy? Nab\u00edz\u00edme V\u00e1m ubytov\u00e1n\u00ed ve \u010dty\u0159l\u016f\u017ekov\u00fdch apartm\u00e1nech a n\u00e1dhern\u00fdch pokoj\u00edch pensionu, kter\u00e9 nab\u00edzej\u00ed dostate\u010dn\u00fd prostor a komfort pro \u010dty\u0159\u010dlennou rodinu. Apartm\u00e1ny u Jezera i Pension U Kostela maj\u00ed p\u0159\u00edm\u00fd vstup na prostornou terasu s\u00a0restaurac\u00ed a p\u0159ekr\u00e1sn\u00fdm v\u00fdhledem na Lipensk\u00e9 jezero.<\/p>\n<div id=\"grid-gallery-5-81165\" data-gg-id=\"5\" data-title=\"Terasa\" data-grid-type=\"0\" data-offset=\"5.3\" data-area-position=\"center\" data-icons=\"\" data-preloader=\"\" data-width=\"215\" data-height=\"215\" data-padding=\"\" data-quicksand=\"disabled\" data-quicksand-duration=\"none\" data-popup-theme=\"theme_6\" data-popup-type=\"pretty-photo\" data-popup-image-text=\"title\" data-popup-widthsize=\"auto\" data-popup-heightsize=\"auto\" data-popup-i18n-words=\"{&quot;close&quot;:&quot;schlie\\u00dfen&quot;,&quot;next&quot;:&quot;n\\u00e4chste&quot;,&quot;previous&quot;:&quot;vorherige&quot;,&quot;start_slideshow&quot;:&quot;Starte Slideshow&quot;,&quot;stop_slideshow&quot;:&quot;Stoppe Slideshow&quot;,&quot;image&quot;:&quot;Bild&quot;,&quot;of&quot;:&quot;von&quot;,&quot;prev&quot;:&quot;vorherige&quot;,&quot;cExpand&quot;:&quot;Erweitere&quot;,&quot;cPrevious&quot;:&quot;Vorheriges&quot;,&quot;cNext&quot;:&quot;N\\u00e4chstes&quot;,&quot;cExpandStr&quot;:&quot;Erweitere Bild&quot;,&quot;cRotate&quot;:&quot;Rotate&quot;,&quot;cDetails&quot;:&quot;Details&quot;}\" data-popup-slideshow=\"false\" data-popup-slideshow-speed=\"2500\" data-popup-hoverstop=\"true\" data-popup-slideshow-auto=\"false\" data-popup-background=\"\" data-popup-transparency=\"30\" data-popup-disable-history=\"\" data-popup-disable-changed-url=\"\" data-popup-border-type=\"\" data-popup-border-color=\"\" data-popup-border-width=\"\" data-popup-border-enable=\"\" data-fullscreen=\"false\" data-hide-tooltip=\"\" data-caption-font-family=\"\" data-caption-text-size=\"140\" data-is-mobile=\"0\" data-caption-mobile=\"false\" data-hide-long-tltp-title=\"0\" data-caption-disabled-on-mobile=\"false\" data-popup-placement-type=\"0\" data-social-sharing=\"{&quot;enabled&quot;:null,&quot;gallerySharing&quot;:{&quot;enabled&quot;:null,&quot;position&quot;:null},&quot;imageSharing&quot;:{&quot;enabled&quot;:null,&quot;wrapperClass&quot;:&quot; vertical &quot;},&quot;popupSharing&quot;:{&quot;enabled&quot;:null,&quot;wrapperClass&quot;:&quot; vertical &quot;}}\" class=\"grid-gallery grid-gallery-fixed \" style=\" width:100%; height:auto; margin-left:auto; margin-right:auto;position:relative;\"> <div class=\"gallery-loading\"> <div class=\"blocks\"> <div class=\"block\"><\/div> <div class=\"block\"><\/div> <div class=\"block\"><\/div> <div class=\"block\"><\/div> <\/div> <\/div> <div class=\"gallery-sharing-top\" style=\"display:none;\"> <\/div> <div id=\"photos-5\" class=\"grid-gallery-photos\"><FIGURE class=\"grid-gallery-caption\" data-grid-gallery-type=\"quarter-slide-up\" data-index=\"0\" style=\"display:none;border-radius:00;; margin:5.3px; width:2150;\" ><div class=\"crop\" style=\" width:2150; height:2150; overflow:hidden;\"><img decoding=\"async\" src=\"http:\/\/www.pensionukostela.cz\/wp-content\/uploads\/2016\/06\/terasa-1-215x215.jpg\" class=\"ggImg\" alt=\"terasa\" title=\"terasa\" data-description=\"terasa\" data-caption=\"terasa\" data-title=\"terasa\" style=\" width:215px; height:215px;\" \/><\/div><FIGCAPTION class=\"\" data-alpha=\"5\" style=\"color:#ffffff; background-color:#6f0000; font-size:140; text-align:2; font-family:;\" ><div class=\"grid-gallery-figcaption-wrap\" style=\"\"><\/div><\/FIGCAPTION><\/FIGURE><FIGURE class=\"grid-gallery-caption\" data-grid-gallery-type=\"quarter-slide-up\" data-index=\"1\" style=\"display:none;border-radius:00;; margin:5.3px; width:2150;\" ><div class=\"crop\" style=\" width:2150; height:2150; overflow:hidden;\"><img decoding=\"async\" src=\"http:\/\/www.pensionukostela.cz\/wp-content\/uploads\/2016\/06\/terasa1-215x215.jpg\" class=\"ggImg\" alt=\"terasa1\" title=\"terasa1\" data-description=\"terasa1\" data-caption=\"terasa1\" data-title=\"terasa1\" style=\" width:215px; height:215px;\" \/><\/div><FIGCAPTION class=\"\" data-alpha=\"5\" style=\"color:#ffffff; background-color:#6f0000; font-size:140; text-align:2; font-family:;\" ><div class=\"grid-gallery-figcaption-wrap\" style=\"\"><\/div><\/FIGCAPTION><\/FIGURE><FIGURE class=\"grid-gallery-caption\" data-grid-gallery-type=\"quarter-slide-up\" data-index=\"2\" style=\"display:none;border-radius:00;; margin:5.3px; width:2150;\" ><div class=\"crop\" style=\" width:2150; height:2150; overflow:hidden;\"><img decoding=\"async\" src=\"http:\/\/www.pensionukostela.cz\/wp-content\/uploads\/2016\/06\/terasa2-215x215.jpg\" class=\"ggImg\" alt=\"terasa2\" title=\"terasa2\" data-description=\"terasa2\" data-caption=\"terasa2\" data-title=\"terasa2\" style=\" width:215px; height:215px;\" \/><\/div><FIGCAPTION class=\"\" data-alpha=\"5\" style=\"color:#ffffff; background-color:#6f0000; font-size:140; text-align:2; font-family:;\" ><div class=\"grid-gallery-figcaption-wrap\" style=\"\"><\/div><\/FIGCAPTION><\/FIGURE><FIGURE class=\"grid-gallery-caption\" data-grid-gallery-type=\"quarter-slide-up\" data-index=\"3\" style=\"display:none;border-radius:00;; margin:5.3px; width:2150;\" ><div class=\"crop\" style=\" width:2150; height:2150; overflow:hidden;\"><img decoding=\"async\" src=\"http:\/\/www.pensionukostela.cz\/wp-content\/uploads\/2016\/06\/terasa3-215x215.jpg\" class=\"ggImg\" alt=\"terasa3\" title=\"terasa3\" data-description=\"terasa3\" data-caption=\"terasa3\" data-title=\"terasa3\" style=\" width:215px; height:215px;\" \/><\/div><FIGCAPTION class=\"\" data-alpha=\"5\" style=\"color:#ffffff; background-color:#6f0000; font-size:140; text-align:2; font-family:;\" ><div class=\"grid-gallery-figcaption-wrap\" style=\"\"><\/div><\/FIGCAPTION><\/FIGURE><FIGURE class=\"grid-gallery-caption\" data-grid-gallery-type=\"quarter-slide-up\" data-index=\"4\" style=\"display:none;border-radius:00;; margin:5.3px; width:2150;\" ><div class=\"crop\" style=\" width:2150; height:2150; overflow:hidden;\"><img decoding=\"async\" src=\"http:\/\/www.pensionukostela.cz\/wp-content\/uploads\/2016\/06\/terasa4-215x215.jpg\" class=\"ggImg\" alt=\"terasa4\" title=\"terasa4\" data-description=\"terasa4\" data-caption=\"terasa4\" data-title=\"terasa4\" style=\" width:215px; height:215px;\" \/><\/div><FIGCAPTION class=\"\" data-alpha=\"5\" style=\"color:#ffffff; background-color:#6f0000; font-size:140; text-align:2; font-family:;\" ><div class=\"grid-gallery-figcaption-wrap\" style=\"\"><\/div><\/FIGCAPTION><\/FIGURE><FIGURE class=\"grid-gallery-caption\" data-grid-gallery-type=\"quarter-slide-up\" data-index=\"5\" style=\"display:none;border-radius:00;; margin:5.3px; width:2150;\" ><div class=\"crop\" style=\" width:2150; height:2150; overflow:hidden;\"><img decoding=\"async\" src=\"http:\/\/www.pensionukostela.cz\/wp-content\/uploads\/2016\/06\/terasa5-215x215.jpg\" class=\"ggImg\" alt=\"terasa5\" title=\"terasa5\" data-description=\"terasa5\" data-caption=\"terasa5\" data-title=\"terasa5\" style=\" width:215px; height:215px;\" \/><\/div><FIGCAPTION class=\"\" data-alpha=\"5\" style=\"color:#ffffff; background-color:#6f0000; font-size:140; text-align:2; font-family:;\" ><div class=\"grid-gallery-figcaption-wrap\" style=\"\"><\/div><\/FIGCAPTION><\/FIGURE><FIGURE class=\"grid-gallery-caption\" data-grid-gallery-type=\"quarter-slide-up\" data-index=\"6\" style=\"display:none;border-radius:00;; margin:5.3px; width:2150;\" ><div class=\"crop\" style=\" width:2150; height:2150; overflow:hidden;\"><img decoding=\"async\" src=\"http:\/\/www.pensionukostela.cz\/wp-content\/uploads\/2016\/06\/terasa6-215x215.jpg\" class=\"ggImg\" alt=\"terasa6\" title=\"terasa6\" data-description=\"terasa6\" data-caption=\"terasa6\" data-title=\"terasa6\" style=\" width:215px; height:215px;\" \/><\/div><FIGCAPTION class=\"\" data-alpha=\"5\" style=\"color:#ffffff; background-color:#6f0000; font-size:140; text-align:2; font-family:;\" ><div class=\"grid-gallery-figcaption-wrap\" style=\"\"><\/div><\/FIGCAPTION><\/FIGURE><FIGURE class=\"grid-gallery-caption\" data-grid-gallery-type=\"quarter-slide-up\" data-index=\"7\" style=\"display:none;border-radius:00;; margin:5.3px; width:2150;\" ><div class=\"crop\" style=\" width:2150; height:2150; overflow:hidden;\"><img decoding=\"async\" src=\"http:\/\/www.pensionukostela.cz\/wp-content\/uploads\/2016\/06\/terasa7-215x215.jpg\" class=\"ggImg\" alt=\"terasa7\" title=\"terasa7\" data-description=\"terasa7\" data-caption=\"terasa7\" data-title=\"terasa7\" style=\" width:215px; height:215px;\" \/><\/div><FIGCAPTION class=\"\" data-alpha=\"5\" style=\"color:#ffffff; background-color:#6f0000; font-size:140; text-align:2; font-family:;\" ><div class=\"grid-gallery-figcaption-wrap\" style=\"\"><\/div><\/FIGCAPTION><\/FIGURE><FIGURE class=\"grid-gallery-caption\" data-grid-gallery-type=\"quarter-slide-up\" data-index=\"8\" style=\"display:none;border-radius:00;; margin:5.3px; width:2150;\" ><div class=\"crop\" style=\" width:2150; height:2150; overflow:hidden;\"><img decoding=\"async\" src=\"http:\/\/www.pensionukostela.cz\/wp-content\/uploads\/2016\/06\/terasa8-215x215.jpg\" class=\"ggImg\" alt=\"terasa8\" title=\"terasa8\" data-description=\"terasa8\" data-caption=\"terasa8\" data-title=\"terasa8\" style=\" width:215px; height:215px;\" \/><\/div><FIGCAPTION class=\"\" data-alpha=\"5\" style=\"color:#ffffff; background-color:#6f0000; font-size:140; text-align:2; font-family:;\" ><div class=\"grid-gallery-figcaption-wrap\" style=\"\"><\/div><\/FIGCAPTION><\/FIGURE> <div class=\"grid-gallery-clearfix\"><\/div> <\/div> <div class=\"gallery-sharing-bottom\" style=\"display:none;\"> <\/div> <div class=\"gallery-sharing-image\" style=\"display:none;\"> <\/div> <div class=\"gallery-sharing-popup\" style=\"display:none;\"> <\/div> <div class=\"grid-gallery-clearfix\"><\/div> <\/div> <!-- Gallery by Supsystic plugin1.15.32 --><a title=\"Gallery Plugin\" style=\"display:none;\" href=\"https:\/\/supsystic.com\/plugins\/photo-gallery\/?utm_medium=love_link\" target=\"_blank\">Gallery Plugin<\/a>\n","protected":false},"excerpt":{"rendered":"<p>Terasa k\u00a0apartm\u00e1n\u016fm a pensionu le\u017e\u00ed na jednom z nejkr\u00e1sn\u011bj\u0161\u00edch m\u00edstech\u00a0 \u0160umavy? Nab\u00edz\u00edme V\u00e1m ubytov\u00e1n\u00ed ve \u010dty\u0159l\u016f\u017ekov\u00fdch apartm\u00e1nech a n\u00e1dhern\u00fdch pokoj\u00edch pensionu, kter\u00e9 nab\u00edzej\u00ed dostate\u010dn\u00fd prostor a komfort pro \u010dty\u0159\u010dlennou rodinu. Apartm\u00e1ny u Jezera i Pension [&hellip;]<\/p>\n","protected":false},"author":1,"featured_media":50,"parent":0,"menu_order":0,"comment_status":"closed","ping_status":"closed","template":"","meta":{"footnotes":""},"class_list":["post-154","page","type-page","status-publish","has-post-thumbnail","hentry"],"translation":{"provider":"WPGlobus","version":"3.0.2","language":"de","enabled_languages":["cs","de","en"],"languages":{"cs":{"title":true,"content":true,"excerpt":false},"de":{"title":true,"content":false,"excerpt":false},"en":{"title":true,"content":false,"excerpt":false}}},"_links":{"self":[{"href":"https:\/\/www.pensionukostela.cz\/de\/wp-json\/wp\/v2\/pages\/154","targetHints":{"allow":["GET"]}}],"collection":[{"href":"https:\/\/www.pensionukostela.cz\/de\/wp-json\/wp\/v2\/pages"}],"about":[{"href":"https:\/\/www.pensionukostela.cz\/de\/wp-json\/wp\/v2\/types\/page"}],"author":[{"embeddable":true,"href":"https:\/\/www.pensionukostela.cz\/de\/wp-json\/wp\/v2\/users\/1"}],"replies":[{"embeddable":true,"href":"https:\/\/www.pensionukostela.cz\/de\/wp-json\/wp\/v2\/comments?post=154"}],"version-history":[{"count":3,"href":"https:\/\/www.pensionukostela.cz\/de\/wp-json\/wp\/v2\/pages\/154\/revisions"}],"predecessor-version":[{"id":322,"href":"https:\/\/www.pensionukostela.cz\/de\/wp-json\/wp\/v2\/pages\/154\/revisions\/322"}],"wp:featuredmedia":[{"embeddable":true,"href":"https:\/\/www.pensionukostela.cz\/de\/wp-json\/wp\/v2\/media\/50"}],"wp:attachment":[{"href":"https:\/\/www.pensionukostela.cz\/de\/wp-json\/wp\/v2\/media?parent=154"}],"curies":[{"name":"wp","href":"https:\/\/api.w.org\/{rel}","templated":true}]}}