{"id":2,"date":"2016-06-09T13:34:55","date_gmt":"2016-06-09T12:34:55","guid":{"rendered":"http:\/\/pensionukostela.cz\/?page_id=2"},"modified":"2021-12-11T15:56:53","modified_gmt":"2021-12-11T14:56:53","slug":"pension-u-kostela","status":"publish","type":"page","link":"https:\/\/www.pensionukostela.cz\/de\/pension-u-kostela\/","title":{"rendered":"Pension U kostela (bei der Kirche)"},"content":{"rendered":"<p><strong>Warum Urlaub im Frymburk am Stausee Lipno. <\/strong><\/p>\n<p>Liebe Erholungssuchende, es mag unterschiedliche Gr\u00fcnde geben, warum Sie sich f\u00fcr einen Urlaub im Frymburk interessieren. Vielleicht sind es die Ruhe, die gute Luft, die sportlichen und kulturellen M\u00f6glichkeiten, oder vielleicht einfach die Suche nach Erholung in urspr\u00fcnglicher Natur. Sicher ist &#8211; die Gastgeber werden darum bem\u00fcht sein, Ihren Aufenthalt so erholsam und angenehm wie nur m\u00f6glich zu gestalten.<\/p>\n","protected":false},"excerpt":{"rendered":"<p>Warum Urlaub im Frymburk am Stausee Lipno. Liebe Erholungssuchende, es mag unterschiedliche Gr\u00fcnde geben, warum Sie sich f\u00fcr einen Urlaub im Frymburk interessieren. Vielleicht sind es die Ruhe, die gute Luft, die sportlichen und kulturellen [&hellip;]<\/p>\n","protected":false},"author":1,"featured_media":133,"parent":0,"menu_order":0,"comment_status":"closed","ping_status":"closed","template":"","meta":{"footnotes":""},"class_list":["post-2","page","type-page","status-publish","has-post-thumbnail","hentry"],"translation":{"provider":"WPGlobus","version":"3.0.2","language":"de","enabled_languages":["cs","de","en"],"languages":{"cs":{"title":true,"content":true,"excerpt":false},"de":{"title":true,"content":true,"excerpt":false},"en":{"title":true,"content":false,"excerpt":false}}},"_links":{"self":[{"href":"https:\/\/www.pensionukostela.cz\/de\/wp-json\/wp\/v2\/pages\/2","targetHints":{"allow":["GET"]}}],"collection":[{"href":"https:\/\/www.pensionukostela.cz\/de\/wp-json\/wp\/v2\/pages"}],"about":[{"href":"https:\/\/www.pensionukostela.cz\/de\/wp-json\/wp\/v2\/types\/page"}],"author":[{"embeddable":true,"href":"https:\/\/www.pensionukostela.cz\/de\/wp-json\/wp\/v2\/users\/1"}],"replies":[{"embeddable":true,"href":"https:\/\/www.pensionukostela.cz\/de\/wp-json\/wp\/v2\/comments?post=2"}],"version-history":[{"count":18,"href":"https:\/\/www.pensionukostela.cz\/de\/wp-json\/wp\/v2\/pages\/2\/revisions"}],"predecessor-version":[{"id":646,"href":"https:\/\/www.pensionukostela.cz\/de\/wp-json\/wp\/v2\/pages\/2\/revisions\/646"}],"wp:featuredmedia":[{"embeddable":true,"href":"https:\/\/www.pensionukostela.cz\/de\/wp-json\/wp\/v2\/media\/133"}],"wp:attachment":[{"href":"https:\/\/www.pensionukostela.cz\/de\/wp-json\/wp\/v2\/media?parent=2"}],"curies":[{"name":"wp","href":"https:\/\/api.w.org\/{rel}","templated":true}]}}