{"id":6,"date":"2016-06-09T13:44:19","date_gmt":"2016-06-09T12:44:19","guid":{"rendered":"http:\/\/pensionukostela.cz\/?page_id=6"},"modified":"2025-05-13T13:05:46","modified_gmt":"2025-05-13T12:05:46","slug":"pokoje-ubytovani","status":"publish","type":"page","link":"https:\/\/www.pensionukostela.cz\/de\/pension-u-kostela\/pokoje-ubytovani\/","title":{"rendered":"Zimmer"},"content":{"rendered":"<p>Unsere gem\u00fctliche Pension U Kostela in Frymburk verf\u00fcgt \u00fcber eine Kapazit\u00e4t von 26 Betten in 11 Zimmern. Also 5 Doppelzimmer (mit der m\u00f6glichkeit Zustellbettn), 3 Doppelzimmer mit Balkon und Blick auf den See Lipno, 2-Bett-Appartements mit separatem Schlafzimmer, 1 Zimmer mit Doppelbett f\u00fcr \u00a0Behinderte im Rollstuhl. Eigener WLAN-Router in jedem Zimmer. Jedes Zimmer hat ein eigenes Bad (WC, Dusche, TV ) Die eine H\u00e4lfte des Hauses haben einen wudersch\u00f6nen Blick auf den See. Die zweite H\u00e4lfte des Pensions ist mit Blick auf die sch\u00f6ne Landschaft auf einem kleinen Berg mit einer sch\u00f6nen Aussicht auf in der Nacht beleuchtete Kapelle \u201eMarta\u201c<\/p>\n","protected":false},"excerpt":{"rendered":"<p>Unsere gem\u00fctliche Pension U Kostela in Frymburk verf\u00fcgt \u00fcber eine Kapazit\u00e4t von 26 Betten in 11 Zimmern. Also 5 Doppelzimmer (mit der m\u00f6glichkeit Zustellbettn), 3 Doppelzimmer mit Balkon und Blick auf den See Lipno, 2-Bett-Appartements [&hellip;]<\/p>\n","protected":false},"author":1,"featured_media":567,"parent":2,"menu_order":0,"comment_status":"closed","ping_status":"closed","template":"","meta":{"footnotes":""},"class_list":["post-6","page","type-page","status-publish","has-post-thumbnail","hentry"],"translation":{"provider":"WPGlobus","version":"3.0.2","language":"de","enabled_languages":["cs","de","en"],"languages":{"cs":{"title":true,"content":true,"excerpt":false},"de":{"title":true,"content":true,"excerpt":false},"en":{"title":true,"content":false,"excerpt":false}}},"_links":{"self":[{"href":"https:\/\/www.pensionukostela.cz\/de\/wp-json\/wp\/v2\/pages\/6","targetHints":{"allow":["GET"]}}],"collection":[{"href":"https:\/\/www.pensionukostela.cz\/de\/wp-json\/wp\/v2\/pages"}],"about":[{"href":"https:\/\/www.pensionukostela.cz\/de\/wp-json\/wp\/v2\/types\/page"}],"author":[{"embeddable":true,"href":"https:\/\/www.pensionukostela.cz\/de\/wp-json\/wp\/v2\/users\/1"}],"replies":[{"embeddable":true,"href":"https:\/\/www.pensionukostela.cz\/de\/wp-json\/wp\/v2\/comments?post=6"}],"version-history":[{"count":24,"href":"https:\/\/www.pensionukostela.cz\/de\/wp-json\/wp\/v2\/pages\/6\/revisions"}],"predecessor-version":[{"id":794,"href":"https:\/\/www.pensionukostela.cz\/de\/wp-json\/wp\/v2\/pages\/6\/revisions\/794"}],"up":[{"embeddable":true,"href":"https:\/\/www.pensionukostela.cz\/de\/wp-json\/wp\/v2\/pages\/2"}],"wp:featuredmedia":[{"embeddable":true,"href":"https:\/\/www.pensionukostela.cz\/de\/wp-json\/wp\/v2\/media\/567"}],"wp:attachment":[{"href":"https:\/\/www.pensionukostela.cz\/de\/wp-json\/wp\/v2\/media?parent=6"}],"curies":[{"name":"wp","href":"https:\/\/api.w.org\/{rel}","templated":true}]}}