{"id":9,"date":"2016-06-09T13:45:30","date_gmt":"2016-06-09T12:45:30","guid":{"rendered":"http:\/\/pensionukostela.cz\/?page_id=9"},"modified":"2025-05-13T13:02:22","modified_gmt":"2025-05-13T12:02:22","slug":"apartmany-u-jezera","status":"publish","type":"page","link":"https:\/\/www.pensionukostela.cz\/de\/apartmany-u-jezera\/","title":{"rendered":"Apartments am  See"},"content":{"rendered":"<p><strong>Warum Urlaub im Frymburk am Stausee Lipno.<\/strong><\/p>\n<p>Liebe Erholungssuchende, es mag unterschiedliche Gr\u00fcnde geben, warum Sie sich f\u00fcr einen Urlaub im Frymburk interessieren. Vielleicht sind es die Ruhe, die gute Luft, die sportlichen und kulturellen M\u00f6glichkeiten, oder vielleicht einfach die Suche nach Erholung in urspr\u00fcnglicher Natur. Sicher ist &#8211; die Gastgeber werden darum bem\u00fcht sein, Ihren Aufenthalt so erholsam und angenehm wie nur m\u00f6glich zu gestalten<\/p>\n<p><strong>Stil und Atmosph\u00e4re des Hauses<\/strong><\/p>\n<p>Das Appartmenthaus am Stausee Lipno empf\u00e4ngt Sie mit grandiosen Ausblicken.Gem\u00fctliches Dreist\u00f6ckiges Appartmenthaus-Baujahr 2015 bietet alles, was Sie zum Wohlf\u00fchlen brauchen. Hochwertige Materialien und minimalistischer Einrichtungsstil erwarten Sie in allen Bereichen. 100% rauchfreie Atmosph\u00e4re im gesamten Haus. Jedes Appartment hat eigene K\u00fcche, wo Sie nach dem wunsch etwas kleines zubereiten k\u00f6nnen. Eigener WLAN-Router in jedem Apartmen. <span id=\"result_box\" lang=\"de\">Jeder Gast unseres Hauses hat einen reservierten Parkplatz. Geschlossener Abstellraum f\u00fcr Fahrr\u00e4der oder Ski ist garantiert.<\/span><\/p>\n<p>&nbsp;<\/p>\n","protected":false},"excerpt":{"rendered":"<p>Warum Urlaub im Frymburk am Stausee Lipno. Liebe Erholungssuchende, es mag unterschiedliche Gr\u00fcnde geben, warum Sie sich f\u00fcr einen Urlaub im Frymburk interessieren. Vielleicht sind es die Ruhe, die gute Luft, die sportlichen und kulturellen [&hellip;]<\/p>\n","protected":false},"author":1,"featured_media":102,"parent":0,"menu_order":0,"comment_status":"closed","ping_status":"closed","template":"","meta":{"footnotes":""},"class_list":["post-9","page","type-page","status-publish","has-post-thumbnail","hentry"],"translation":{"provider":"WPGlobus","version":"3.0.2","language":"de","enabled_languages":["cs","de","en"],"languages":{"cs":{"title":true,"content":true,"excerpt":false},"de":{"title":true,"content":true,"excerpt":false},"en":{"title":true,"content":false,"excerpt":false}}},"_links":{"self":[{"href":"https:\/\/www.pensionukostela.cz\/de\/wp-json\/wp\/v2\/pages\/9","targetHints":{"allow":["GET"]}}],"collection":[{"href":"https:\/\/www.pensionukostela.cz\/de\/wp-json\/wp\/v2\/pages"}],"about":[{"href":"https:\/\/www.pensionukostela.cz\/de\/wp-json\/wp\/v2\/types\/page"}],"author":[{"embeddable":true,"href":"https:\/\/www.pensionukostela.cz\/de\/wp-json\/wp\/v2\/users\/1"}],"replies":[{"embeddable":true,"href":"https:\/\/www.pensionukostela.cz\/de\/wp-json\/wp\/v2\/comments?post=9"}],"version-history":[{"count":26,"href":"https:\/\/www.pensionukostela.cz\/de\/wp-json\/wp\/v2\/pages\/9\/revisions"}],"predecessor-version":[{"id":792,"href":"https:\/\/www.pensionukostela.cz\/de\/wp-json\/wp\/v2\/pages\/9\/revisions\/792"}],"wp:featuredmedia":[{"embeddable":true,"href":"https:\/\/www.pensionukostela.cz\/de\/wp-json\/wp\/v2\/media\/102"}],"wp:attachment":[{"href":"https:\/\/www.pensionukostela.cz\/de\/wp-json\/wp\/v2\/media?parent=9"}],"curies":[{"name":"wp","href":"https:\/\/api.w.org\/{rel}","templated":true}]}}