{"id":11,"date":"2016-06-09T13:47:36","date_gmt":"2016-06-09T12:47:36","guid":{"rendered":"http:\/\/pensionukostela.cz\/?page_id=11"},"modified":"2017-05-04T19:31:11","modified_gmt":"2017-05-04T18:31:11","slug":"restaurace","status":"publish","type":"page","link":"https:\/\/www.pensionukostela.cz\/en\/restaurace\/","title":{"rendered":"Restaurant"},"content":{"rendered":"<p>\u00datulnou, rustik\u00e1ln\u00ed restauraci si obl\u00edb\u00edte nejen d\u00edky skv\u011bl\u00e9 kuchyni a p\u0159\u00edjemn\u00e9 obsluze, ale i d\u00edky impozantn\u00edmu v\u00fdhledu na jezero Lipno. V letn\u00edch m\u011bs\u00edc\u00edch jsme pro V\u00e1s p\u0159ipravili novou venkovn\u00ed terasu tak\u00e9 s v\u00fdhledem na Lipno.<\/p>\n<p>Proto\u017ee v\u00edme, \u017ee vyp\u00edt si v klidu k\u00e1vu s d\u011btmi t\u00e9m\u011b\u0159 nelze, m\u00e1me p\u0159ipravenou z\u00e1bavu i pro n\u011b. \u010cek\u00e1 na n\u011b nov\u00e9 d\u011btsk\u00e9 h\u0159i\u0161t\u011b v kr\u00e1sn\u00e9, uzav\u0159en\u00e9 zahrad\u011b s plno houpa\u010dkami, prol\u00e9za\u010dkami a dal\u0161\u00edmi atrakcemi a Vy na n\u011bj uvid\u00edte od sv\u00e9ho stolu.<\/p>\n<p>Na\u0161e restaurace je rovn\u011b\u017e vhodn\u00e1 pro r\u016fzn\u00e9 Va\u0161e oslavy \u010di setk\u00e1n\u00ed. R\u00e1di V\u00e1m vyjdeme vst\u0159\u00edc ve Va\u0161ich po\u017eadavc\u00edch.<\/p>\n<h2>Pr\u00e1v\u011b v restauraci<\/h2>\n<p>Ani tento v\u00edkend jsme pro V\u00e1s nezapomn\u011bli p\u0159ipravit menu sestaven\u00e9 z tradi\u010dn\u00edch \u010desk\u00fdch j\u00eddel.<br \/>\nT\u011b\u0161\u00edme se na V\u00e1s!<\/p>\n<h2>Fotogalerie Restaurace<\/h2>\n<div id=\"grid-gallery-3-76684\" data-gg-id=\"3\" data-title=\"Restaurace\" data-grid-type=\"0\" data-offset=\"5.3\" data-area-position=\"center\" data-icons=\"\" data-preloader=\"\" data-width=\"215\" data-height=\"215\" data-padding=\"\" data-quicksand=\"disabled\" data-quicksand-duration=\"none\" data-popup-theme=\"theme_6\" data-popup-type=\"pretty-photo\" data-popup-image-text=\"title\" data-popup-widthsize=\"auto\" data-popup-heightsize=\"auto\" data-popup-i18n-words=\"{&quot;close&quot;:&quot;close&quot;,&quot;next&quot;:&quot;next&quot;,&quot;previous&quot;:&quot;previous&quot;,&quot;start_slideshow&quot;:&quot;start slideshow&quot;,&quot;stop_slideshow&quot;:&quot;stop slideshow&quot;,&quot;image&quot;:&quot;image&quot;,&quot;of&quot;:&quot;of&quot;,&quot;prev&quot;:&quot;prev&quot;,&quot;cExpand&quot;:&quot;Expand&quot;,&quot;cPrevious&quot;:&quot;Previous&quot;,&quot;cNext&quot;:&quot;Next&quot;,&quot;cExpandStr&quot;:&quot;Expand the image&quot;,&quot;cRotate&quot;:&quot;Rotate&quot;,&quot;cDetails&quot;:&quot;Details&quot;}\" data-popup-slideshow=\"false\" data-popup-slideshow-speed=\"2500\" data-popup-hoverstop=\"true\" data-popup-slideshow-auto=\"false\" data-popup-background=\"\" data-popup-transparency=\"30\" data-popup-disable-history=\"\" data-popup-disable-changed-url=\"\" data-popup-border-type=\"\" data-popup-border-color=\"\" data-popup-border-width=\"\" data-popup-border-enable=\"\" data-fullscreen=\"false\" data-hide-tooltip=\"\" data-caption-font-family=\"\" data-caption-text-size=\"140\" data-is-mobile=\"0\" data-caption-mobile=\"false\" data-hide-long-tltp-title=\"0\" data-caption-disabled-on-mobile=\"false\" data-popup-placement-type=\"0\" data-social-sharing=\"{&quot;enabled&quot;:null,&quot;gallerySharing&quot;:{&quot;enabled&quot;:null,&quot;position&quot;:null},&quot;imageSharing&quot;:{&quot;enabled&quot;:null,&quot;wrapperClass&quot;:&quot; vertical &quot;},&quot;popupSharing&quot;:{&quot;enabled&quot;:null,&quot;wrapperClass&quot;:&quot; vertical &quot;}}\" class=\"grid-gallery grid-gallery-fixed \" style=\" width:100%; height:auto; margin-left:auto; margin-right:auto;position:relative;\"> <div class=\"gallery-loading\"> <div class=\"blocks\"> <div class=\"block\"><\/div> <div class=\"block\"><\/div> <div class=\"block\"><\/div> <div class=\"block\"><\/div> <\/div> <\/div> <div class=\"gallery-sharing-top\" style=\"display:none;\"> <\/div> <div id=\"photos-3\" class=\"grid-gallery-photos\"><FIGURE class=\"grid-gallery-caption\" data-grid-gallery-type=\"quarter-slide-up\" data-index=\"0\" style=\"display:none;border-radius:00;; margin:5.3px; width:2150;\" ><div class=\"crop\" style=\" width:2150; height:2150; overflow:hidden;\"><img decoding=\"async\" src=\"http:\/\/www.pensionukostela.cz\/wp-content\/uploads\/2016\/06\/restaurace2-215x215.jpg\" class=\"ggImg\" alt=\"restaurace2\" title=\"restaurace2\" data-description=\"restaurace2\" data-caption=\"restaurace2\" data-title=\"restaurace2\" style=\" width:215px; height:215px;\" \/><\/div><FIGCAPTION class=\"\" data-alpha=\"5\" style=\"color:#ffffff; background-color:#6f0000; font-size:140; text-align:2; font-family:;\" ><div class=\"grid-gallery-figcaption-wrap\" style=\"\"><\/div><\/FIGCAPTION><\/FIGURE><FIGURE class=\"grid-gallery-caption\" data-grid-gallery-type=\"quarter-slide-up\" data-index=\"1\" style=\"display:none;border-radius:00;; margin:5.3px; width:2150;\" ><div class=\"crop\" style=\" width:2150; height:2150; overflow:hidden;\"><img decoding=\"async\" src=\"http:\/\/www.pensionukostela.cz\/wp-content\/uploads\/2016\/06\/restaurace3-215x215.jpg\" class=\"ggImg\" alt=\"restaurace3\" title=\"restaurace3\" data-description=\"restaurace3\" data-caption=\"restaurace3\" data-title=\"restaurace3\" style=\" width:215px; height:215px;\" \/><\/div><FIGCAPTION class=\"\" data-alpha=\"5\" style=\"color:#ffffff; background-color:#6f0000; font-size:140; text-align:2; font-family:;\" ><div class=\"grid-gallery-figcaption-wrap\" style=\"\"><\/div><\/FIGCAPTION><\/FIGURE><FIGURE class=\"grid-gallery-caption\" data-grid-gallery-type=\"quarter-slide-up\" data-index=\"2\" style=\"display:none;border-radius:00;; margin:5.3px; width:2150;\" ><div class=\"crop\" style=\" width:2150; height:2150; overflow:hidden;\"><img decoding=\"async\" src=\"http:\/\/www.pensionukostela.cz\/wp-content\/uploads\/2016\/06\/restaurace4-215x215.jpg\" class=\"ggImg\" alt=\"restaurace4\" title=\"restaurace4\" data-description=\"restaurace4\" data-caption=\"restaurace4\" data-title=\"restaurace4\" style=\" width:215px; height:215px;\" \/><\/div><FIGCAPTION class=\"\" data-alpha=\"5\" style=\"color:#ffffff; background-color:#6f0000; font-size:140; text-align:2; font-family:;\" ><div class=\"grid-gallery-figcaption-wrap\" style=\"\"><\/div><\/FIGCAPTION><\/FIGURE><FIGURE class=\"grid-gallery-caption\" data-grid-gallery-type=\"quarter-slide-up\" data-index=\"3\" style=\"display:none;border-radius:00;; margin:5.3px; width:2150;\" ><div class=\"crop\" style=\" width:2150; height:2150; overflow:hidden;\"><img decoding=\"async\" src=\"http:\/\/www.pensionukostela.cz\/wp-content\/uploads\/2016\/06\/restaurace1-215x215.jpg\" class=\"ggImg\" alt=\"restaurace1\" title=\"restaurace1\" data-description=\"restaurace1\" data-caption=\"restaurace1\" data-title=\"restaurace1\" style=\" width:215px; height:215px;\" \/><\/div><FIGCAPTION class=\"\" data-alpha=\"5\" style=\"color:#ffffff; background-color:#6f0000; font-size:140; text-align:2; font-family:;\" ><div class=\"grid-gallery-figcaption-wrap\" style=\"\"><\/div><\/FIGCAPTION><\/FIGURE> <div class=\"grid-gallery-clearfix\"><\/div> <\/div> <div class=\"gallery-sharing-bottom\" style=\"display:none;\"> <\/div> <div class=\"gallery-sharing-image\" style=\"display:none;\"> <\/div> <div class=\"gallery-sharing-popup\" style=\"display:none;\"> <\/div> <div class=\"grid-gallery-clearfix\"><\/div> <\/div> <!-- Gallery by Supsystic plugin1.15.32 --><a title=\"Gallery Plugin\" style=\"display:none;\" href=\"https:\/\/supsystic.com\/plugins\/photo-gallery\/?utm_medium=love_link\" target=\"_blank\">Gallery Plugin<\/a>\n","protected":false},"excerpt":{"rendered":"<p>\u00datulnou, rustik\u00e1ln\u00ed restauraci si obl\u00edb\u00edte nejen d\u00edky skv\u011bl\u00e9 kuchyni a p\u0159\u00edjemn\u00e9 obsluze, ale i d\u00edky impozantn\u00edmu v\u00fdhledu na jezero Lipno. V letn\u00edch m\u011bs\u00edc\u00edch jsme pro V\u00e1s p\u0159ipravili novou venkovn\u00ed terasu tak\u00e9 s v\u00fdhledem na Lipno. [&hellip;]<\/p>\n","protected":false},"author":1,"featured_media":99,"parent":0,"menu_order":0,"comment_status":"closed","ping_status":"closed","template":"","meta":{"footnotes":""},"class_list":["post-11","page","type-page","status-publish","has-post-thumbnail","hentry"],"translation":{"provider":"WPGlobus","version":"3.0.2","language":"en","enabled_languages":["cs","de","en"],"languages":{"cs":{"title":true,"content":true,"excerpt":false},"de":{"title":true,"content":false,"excerpt":false},"en":{"title":true,"content":false,"excerpt":false}}},"_links":{"self":[{"href":"https:\/\/www.pensionukostela.cz\/en\/wp-json\/wp\/v2\/pages\/11","targetHints":{"allow":["GET"]}}],"collection":[{"href":"https:\/\/www.pensionukostela.cz\/en\/wp-json\/wp\/v2\/pages"}],"about":[{"href":"https:\/\/www.pensionukostela.cz\/en\/wp-json\/wp\/v2\/types\/page"}],"author":[{"embeddable":true,"href":"https:\/\/www.pensionukostela.cz\/en\/wp-json\/wp\/v2\/users\/1"}],"replies":[{"embeddable":true,"href":"https:\/\/www.pensionukostela.cz\/en\/wp-json\/wp\/v2\/comments?post=11"}],"version-history":[{"count":7,"href":"https:\/\/www.pensionukostela.cz\/en\/wp-json\/wp\/v2\/pages\/11\/revisions"}],"predecessor-version":[{"id":319,"href":"https:\/\/www.pensionukostela.cz\/en\/wp-json\/wp\/v2\/pages\/11\/revisions\/319"}],"wp:featuredmedia":[{"embeddable":true,"href":"https:\/\/www.pensionukostela.cz\/en\/wp-json\/wp\/v2\/media\/99"}],"wp:attachment":[{"href":"https:\/\/www.pensionukostela.cz\/en\/wp-json\/wp\/v2\/media?parent=11"}],"curies":[{"name":"wp","href":"https:\/\/api.w.org\/{rel}","templated":true}]}}