{"id":13,"date":"2016-06-09T13:48:21","date_gmt":"2016-06-09T12:48:21","guid":{"rendered":"http:\/\/pensionukostela.cz\/?page_id=13"},"modified":"2017-05-04T20:12:36","modified_gmt":"2017-05-04T19:12:36","slug":"volny-cas","status":"publish","type":"page","link":"https:\/\/www.pensionukostela.cz\/en\/volny-cas\/","title":{"rendered":"Leisure around Lipno"},"content":{"rendered":"<p>Frymburk nab\u00edz\u00ed p\u0159\u00edjemn\u00e9 vy\u017eit\u00ed a kr\u00e1snou dovolenou po cel\u00fd rok snad v\u0161em v\u011bkov\u00fdm kategori\u00edm a za ka\u017ed\u00e9ho po\u010das\u00ed.<\/p>\n<p>V l\u00e9t\u011b se rozs\u00e1hl\u00e1 vodn\u00ed plocha Lipna s pl\u00e1\u017eemi s p\u00eds\u010dit\u00fdm povrchem a m\u011blk\u00fdm p\u0159\u00edstupem do vody st\u00e1v\u00e1 r\u00e1jem pro rodiny s d\u011btmi. Hlubok\u00e9 \u0161umavsk\u00e9 lesy zase nadchnou milovn\u00edky hub a bor\u016fvek.<\/p>\n<p>Pro aktivn\u00ed dovolenou je zde osv\u011btlen\u00e1 Jezern\u00ed cyklo-inline stezka s n\u00e1stupem p\u0159\u00edmo pod na\u0161im penzionem. Nudit se nebudete ani p\u0159i de\u0161tiv\u00e9m po\u010das\u00ed. To m\u016f\u017eete vyzkou\u0161et relaxaci v Aquawordu a wellness centru Frymburk.<\/p>\n<p>V zim\u011b je Frymburk vyhled\u00e1van\u00fd nejen kv\u016fli bl\u00edzkosti \u010desko-rakousk\u00fdch st\u0159edisek \u2013 skiare\u00e1l Lipno, Sternstein a Hochficht, ale i zamrzl\u00e1 hladina Lipna nab\u00edz\u00ed skv\u011bl\u00e9 vy\u017eit\u00ed v podob\u011b 11km dlouh\u00e9 brusla\u0159sk\u00e9 dr\u00e1hy Frymburk \u2013 Lipno, kter\u00e1 je pravideln\u011b upravov\u00e1na. Rovn\u011b\u017e b\u011b\u017eeck\u00e9 stopy jsou v\u017edy strojov\u011b upraveny a \u010dekaj\u00ed na sv\u00e9 n\u00e1v\u0161t\u011bvn\u00edky. I na n\u011b je n\u00e1stup p\u0159\u00edmo pod penzionem.<\/p>\n","protected":false},"excerpt":{"rendered":"<p>Frymburk nab\u00edz\u00ed p\u0159\u00edjemn\u00e9 vy\u017eit\u00ed a kr\u00e1snou dovolenou po cel\u00fd rok snad v\u0161em v\u011bkov\u00fdm kategori\u00edm a za ka\u017ed\u00e9ho po\u010das\u00ed. V l\u00e9t\u011b se rozs\u00e1hl\u00e1 vodn\u00ed plocha Lipna s pl\u00e1\u017eemi s p\u00eds\u010dit\u00fdm povrchem a m\u011blk\u00fdm p\u0159\u00edstupem do vody [&hellip;]<\/p>\n","protected":false},"author":1,"featured_media":50,"parent":0,"menu_order":0,"comment_status":"closed","ping_status":"closed","template":"","meta":{"footnotes":""},"class_list":["post-13","page","type-page","status-publish","has-post-thumbnail","hentry"],"translation":{"provider":"WPGlobus","version":"3.0.2","language":"en","enabled_languages":["cs","de","en"],"languages":{"cs":{"title":true,"content":true,"excerpt":false},"de":{"title":true,"content":false,"excerpt":false},"en":{"title":true,"content":false,"excerpt":false}}},"_links":{"self":[{"href":"https:\/\/www.pensionukostela.cz\/en\/wp-json\/wp\/v2\/pages\/13","targetHints":{"allow":["GET"]}}],"collection":[{"href":"https:\/\/www.pensionukostela.cz\/en\/wp-json\/wp\/v2\/pages"}],"about":[{"href":"https:\/\/www.pensionukostela.cz\/en\/wp-json\/wp\/v2\/types\/page"}],"author":[{"embeddable":true,"href":"https:\/\/www.pensionukostela.cz\/en\/wp-json\/wp\/v2\/users\/1"}],"replies":[{"embeddable":true,"href":"https:\/\/www.pensionukostela.cz\/en\/wp-json\/wp\/v2\/comments?post=13"}],"version-history":[{"count":6,"href":"https:\/\/www.pensionukostela.cz\/en\/wp-json\/wp\/v2\/pages\/13\/revisions"}],"predecessor-version":[{"id":337,"href":"https:\/\/www.pensionukostela.cz\/en\/wp-json\/wp\/v2\/pages\/13\/revisions\/337"}],"wp:featuredmedia":[{"embeddable":true,"href":"https:\/\/www.pensionukostela.cz\/en\/wp-json\/wp\/v2\/media\/50"}],"wp:attachment":[{"href":"https:\/\/www.pensionukostela.cz\/en\/wp-json\/wp\/v2\/media?parent=13"}],"curies":[{"name":"wp","href":"https:\/\/api.w.org\/{rel}","templated":true}]}}