{"id":18,"date":"2016-06-09T13:57:16","date_gmt":"2016-06-09T12:57:16","guid":{"rendered":"http:\/\/pensionukostela.cz\/?page_id=18"},"modified":"2017-05-04T19:34:54","modified_gmt":"2017-05-04T18:34:54","slug":"zimni-aktivity","status":"publish","type":"page","link":"https:\/\/www.pensionukostela.cz\/en\/volny-cas\/zimni-aktivity\/","title":{"rendered":"Winter activities"},"content":{"rendered":"<h2>Ski are\u00e1l Lipno<\/h2>\n<p>Pro n\u00e1ro\u010dn\u011bj\u0161\u00ed sjezda\u0159e a snowboardisty je ide\u00e1ln\u00ed skiare\u00e1l Lipno \u0161est kilometr\u016f z Frymburku.<\/p>\n<p>Ly\u017ea\u0159sk\u00fd are\u00e1l Lipno Kramol\u00edn je modern\u00ed, p\u011btihv\u011bzdi\u010dkov\u00e9 ly\u017ea\u0159sk\u00e9 st\u0159edisko zam\u011b\u0159en\u00e9 p\u0159edev\u0161\u00edm na rodiny s d\u011btmi a za\u010d\u00e1te\u010dn\u00edky. Skiare\u00e1l nab\u00edz\u00ed dev\u011bt bezpe\u010dn\u00fdch a kvalitn\u011b zasn\u011b\u017eovan\u00fdch sjezdovek o celkov\u00e9 d\u00e9lce 8,3 km. Pohodlnou p\u0159epravu zaji\u0161\u0165uj\u00ed t\u0159i \u010dty\u0159seda\u010dkov\u00e9 lanovky. Sou\u010d\u00e1st\u00ed Skiare\u00e1lu Lipno jsou 2 d\u011btsk\u00e1 v\u00fdukov\u00e1 h\u0159i\u0161t\u011b se \u010dty\u0159mi poj\u00edzdn\u00fdmi koberci, ly\u017ea\u0159sk\u00fdm koloto\u010dem a s poh\u00e1dkov\u00fdm slalomem. Pro velk\u00e9 i mal\u00e9 je nov\u011b otev\u0159ena skicrossov\u00e1 dr\u00e1ha a snowpark.<\/p>\n<h2>Ly\u017eov\u00e1n\u00ed v Rakousku<\/h2>\n<p>Bl\u00edzkost rakousk\u00fdch hranic nab\u00edz\u00ed n\u00e1ro\u010dn\u00fdm ly\u017ea\u0159\u016fm mo\u017enost vyzkou\u0161et i ly\u017ea\u0159sk\u00e9 centra v Rakousku.<\/p>\n<h3>Ly\u017ea\u0159sk\u00e9 centrum Sternstein<\/h3>\n<p>se nach\u00e1z\u00ed 45 kilometr\u016f od Frymburku. Sjezdov\u00e9 trat\u011b na Sternsteinu jsou vhodn\u00e9 pro ly\u017ea\u0159e v\u0161ech v\u011bkov\u00fdch kategori\u00ed a \u00farovn\u00ed, od n\u00e1ro\u010dn\u011bj\u0161\u00edch ly\u017ea\u0159\u016f a\u017e po za\u010d\u00e1te\u010dn\u00edky a rodiny s d\u011btmi. Celkov\u011b jsou na Sternsteinu k dispozici 3 sjezdov\u00e9 trat\u011b \u2013 od st\u0159edn\u00ed po lehkou \u00farove\u0148 n\u00e1ro\u010dnosti.<\/p>\n<p>St\u0159edisko m\u00e1 n\u00e1sleduj\u00edc\u00ed parametry:<br \/>\n\u2013 Celkov\u00e1 d\u00e9lka sjezdovek 4000 m<br \/>\n\u2013 20 kilometr\u016f upravovan\u00fdch b\u011b\u017eeck\u00fdch trat\u00ed<br \/>\n\u2013 1 lanovka, 1 vlek a 1 kabinka s celkovou kapacitou 2000 osob\/hodinu<br \/>\n\u2013 Um\u011bl\u00e9 zasn\u011b\u017eov\u00e1n\u00ed<br \/>\n\u2013 Parkovi\u0161t\u011b zdarma<br \/>\n\u2013 Ly\u017ea\u0159sk\u00e1 \u0161kola<br \/>\n\u2013 P\u016fj\u010dovna ly\u017e\u00ed i snowboard\u016f<br \/>\n\u2013 D\u011btsk\u00fd are\u00e1l s dozorem a \u0161kolou ly\u017eov\u00e1n\u00ed<\/p>\n<p>Speci\u00e1ln\u011b pro d\u011bti je na Sternsteinu p\u0159ipraveno 4000m\u00b2 rozlehl\u00e9 Kr\u00e1lovstv\u00ed d\u011bt\u00ed s dv\u011bma vleky pro nejmen\u0161\u00ed. Pro d\u011bti je zde tak\u00e9 speci\u00e1ln\u00ed ly\u017ea\u0159sk\u00e1 \u0161kola a p\u016fj\u010dovna vybaven\u00ed Happys Schi.<\/p>\n<h3>Ly\u017ea\u0159sk\u00fd are\u00e1l Hochficht<\/h3>\n<p>se nach\u00e1z\u00ed v kouzeln\u00e9 krajin\u011b Trojmez\u00ed, v m\u00edst\u011b kde se na \u0160umav\u011b st\u0159et\u00e1vaj\u00ed hranice \u010cesk\u00e9 republiky, Rakouska a N\u011bmecka. Le\u017e\u00ed pouh\u00fdch 30 km z Nov\u00e9 Pece, nebo necelou hodinu cesty z Frymburku. K dispozici je celkem 20 kilometr\u016f sjezdov\u00fdch trat\u00ed v\u0161ech \u00farovn\u00ed obt\u00ed\u017enosti, od pohodov\u00e9 rodinn\u00e9 trati a\u017e po n\u00e1ro\u010dnou z\u00e1vodn\u00ed tra\u0165 FIS, na kter\u00e9 se jel Evropsk\u00fd poh\u00e1r.<\/p>\n<p>Hochficht je modern\u00ed are\u00e1l nab\u00edzej\u00edc\u00ed \u0161pi\u010dkov\u00e9 podm\u00ednky pro vyznava\u010de zimn\u00edch sport\u016f v\u0161ech \u00farovn\u00ed a v\u011bku. Komfortn\u00ed a rychlou p\u0159epravu bez front zaji\u0161\u0165uj\u00ed t\u0159i seda\u010dkov\u00e9 lanovky, dv\u011b kotvy, sedm vlek\u016f a 1 poj\u00edzdn\u00fd p\u00e1s v d\u011btsk\u00e9m Sunny Kids Parku. Skicrossov\u00e1 tra\u0165 snowpark Ficht nab\u00edz\u00ed skv\u011bl\u00fd adrenalinov\u00fd z\u00e1\u017eitek pro v\u0161echny free-stylery se snowboardy a na ly\u017e\u00edch.<\/p>\n<p>Pro d\u011bti na Hochfichtu \u010dek\u00e1 nov\u011b upraven\u00fd d\u011btsk\u00fd park Sunny Kids Park, kde jsou k dispozici cvi\u010dn\u00e9 trati r\u016fzn\u00e9 obt\u00ed\u017enosti. P\u0159epravu d\u011bt\u00ed zaji\u0161\u0165uje 185 metr\u016f dlouh\u00fd zast\u0159e\u0161en\u00fd p\u0159epravn\u00ed p\u00e1s. V chatce p\u0159\u00edmo u d\u011btsk\u00e9ho parku je mo\u017en\u00e9 se oh\u0159\u00e1t. O z\u00e1bavn\u00fd doprovod se star\u00e1 maskot are\u00e1lu, zaj\u00edc Hops\u00edk. V Sunny Kids Parku prob\u00edhaj\u00ed tak\u00e9 pravideln\u00e9 d\u011btsk\u00e9 kurzy ly\u017eov\u00e1n\u00ed a snowboardingu.<\/p>\n<h2>B\u011b\u017eky a b\u011b\u017eeck\u00e9 trat\u011b<\/h2>\n<h3>B\u011b\u017eeck\u00e9 trasy v okol\u00ed Frymburku<\/h3>\n<p>Frymburk nab\u00edz\u00ed skv\u011bl\u00e9 mo\u017enosti pro b\u011b\u017eka\u0159e. V \u00faseku mezi Frymburkem a Lipnem nad Vltavou jsou v p\u0159\u00edpad\u011b vhodn\u00fdch sn\u011bhov\u00fdch podm\u00ednek pravideln\u011b strojov\u011b upravovan\u00e9 trat\u011b pro klasiku i bruslen\u00ed. Trasy vyhovuj\u00ed b\u011b\u017eka\u0159\u016fm v\u00fdletn\u00edk\u016fm i n\u00e1ro\u010dn\u011bj\u0161\u00edm ly\u017ea\u0159\u016fm. K dispozici je a\u017e 40 km strojov\u011b upravovan\u00fdch trat\u00ed pro klasiku i bruslen\u00ed.<\/p>\n<p>V p\u0159\u00edpad\u011b p\u0159\u00edzniv\u00fdch pov\u011btrnostn\u00edch podm\u00ednek jsou k dispozici unik\u00e1tn\u00ed brusla\u0159sk\u00e9 trasy na zamrzl\u00e9m lipensk\u00e9m jeze\u0159e.<\/p>\n<p>Doporu\u010dujeme vybrat si n\u011bkterou z n\u00e1sleduj\u00edc\u00edch tras:<br \/>\n\u2013 Frymbursk\u00fd okruh (modr\u00fd) \u2013 10 km \u2013 klasika, bruslen\u00ed<br \/>\n\u2013 B\u011b\u017eeck\u00e1 trasa \u010cerven\u00e1 \u2013 10 km \u2013 klasika, bruslen\u00ed<br \/>\n\u2013 B\u011b\u017eeck\u00e1 trasa Zelen\u00e1 \u2013 4 km \u2013 klasika, bruslen\u00ed<br \/>\n\u2013 B\u011b\u017eeck\u00e1 trasa B\u00edl\u00e1 \u2013 5 km \u2013 klasika, bruslen\u00ed<br \/>\n\u2013 B\u011b\u017eeck\u00e1 trasa Brusla\u0159sk\u00e1 \u2013 11 km \u2013 klasika, bruslen\u00ed<\/p>\n<p>N\u00e1stup na trasy jsou na kopci Marta (ide\u00e1ln\u011b se nechat vyv\u00e9st lanovkou). N\u00e1stup na \u201cfrymbursk\u00fd okruh\u201d je naproti hotelu Wellness ve Frymburku, v nov\u00e9 z\u00e1stavb\u011b v \u010d\u00e1sti V\u011btrn\u00e1 h\u016frka.<\/p>\n<h3>B\u011b\u017eeck\u00e9 trasy Sch\u00f6neben v Rakousku<\/h3>\n<p>Z \u010cech snadno dostupn\u00fd b\u011b\u017eka\u0159sk\u00fd are\u00e1l Sch\u00f6neben je se sv\u00fdmi 70-ti kilometry udr\u017eovan\u00fdch tras n\u00e1dhernou p\u0159\u00edrodou \u0160umavy bezkonkuren\u010dn\u00edm r\u00e1jem v\u0161ech b\u011b\u017eka\u0159\u016f. Rozlehl\u00fd are\u00e1l Sch\u00f6neben je snadno dostupn\u00fd p\u0159es b\u00fdval\u00fd hrani\u010dn\u00ed p\u0159echod Zadn\u00ed Zvonkov\u00e1, pouh\u00fdch 15 kilometr\u016f z Nov\u00e9 Pece. Rozloha ly\u017ea\u0159sk\u00e9 oblasti p\u0159\u00edjemn\u011b p\u0159ekvap\u00ed ka\u017ed\u00e9ho, kdo tu je\u0161t\u011b nebyl.<\/p>\n<p>U n\u00e1stupn\u00edho m\u00edsta, t\u011bsn\u011b za hrani\u010dn\u00edm p\u0159echodem Zadn\u00ed Zvonkov\u00e1, se nach\u00e1z\u00ed \u0161umavsk\u00e9 centrum B\u00f6hmerWaldArena s b\u011b\u017eka\u0159skou \u0161kolou, infocentrem, p\u016fj\u010dovnou ly\u017ea\u0159sk\u00e9ho vybaven\u00ed a restaurac\u00ed.<\/p>\n<h2>Bruslen\u00ed<\/h2>\n<p>Obrovsk\u00e1 plocha Lipensk\u00e9 n\u00e1dr\u017ee poskytuje v zimn\u00edch m\u011bs\u00edc\u00edch ide\u00e1ln\u00ed podm\u00ednky pro bruslen\u00ed na zamrzl\u00e9 hladin\u011b.<\/p>\n<p>V p\u0159\u00edpad\u011b, \u017ee jsou p\u0159\u00edzniv\u00e9 podm\u00ednky, p\u0159edstavuje brusla\u0159sk\u00e1 dr\u00e1ha z Frymburku na Lipno nad Vltavou nejdel\u0161\u00ed brusla\u0159skou dr\u00e1hu na sv\u011bt\u011b. Dr\u00e1ha se svou d\u00e9lkou 10 922 metr\u016f p\u0159ekonala 7.8 kilometr\u016f dlouhou brusla\u0159skou dr\u00e1hu v kanadsk\u00e9 Ottaw\u011b.<\/p>\n<p>P\u0159i p\u011bkn\u00e9m po\u010das\u00ed se na dr\u00e1ze pohybuje a\u017e 3000 lid\u00ed. Dr\u00e1ha je po cel\u00e9 sv\u00e9 d\u00e9lce \u0161irok\u00e1 6-8 metr\u016f. Ob\u010derstven\u00ed je k dispozici v m\u00edstn\u00edch st\u00e1nc\u00edch, kter\u00e9 nab\u00edz\u00ed tepl\u00e9 n\u00e1poje a speciality na grilu. Vstup na dr\u00e1hu je zdarma.<\/p>\n<h2>Aquacentra<\/h2>\n<p>Po vydatn\u00e9m ly\u017ea\u0159sk\u00e9m v\u00fdkonu ka\u017ed\u00e9ho pot\u011b\u0161\u00ed relaxace v aquacentru. Aquapark a wellness centrum ve Frymburku se nach\u00e1z\u00ed v Wellness hotelu Frymburk. Aquacentrum nab\u00edz\u00ed velk\u00fd a mal\u00fd plaveck\u00fd baz\u00e9n, tobog\u00e1n, divokou \u0159eku s pe\u0159ejemi a protiproudem, d\u011btsk\u00e9 brouzdali\u0161t\u011b, Whirlpool, baz\u00e9nek s mas\u00e1\u017en\u00edmi tryskami, finskou saunu, parn\u00ed komoru, solnou jeskyni a dal\u0161\u00ed.<\/p>\n<h3>Aquacentrum Mar\u00edna<\/h3>\n<p>se nach\u00e1z\u00ed na Lipn\u011b nad Vltavou, 7 kilometr\u016f od Frymburku. Zde najdete krom\u011b klasick\u00e9ho plaveck\u00e9ho baz\u00e9nu a kruhov\u00e9ho baz\u00e9nu s atrakcemi i divokou \u0159eku s pe\u0159ejemi a protiproudem, d\u011btsk\u00e9 brouzdali\u0161t\u011b, whirlpool, baz\u00e9nek s mas\u00e1\u017en\u00edmi tryskami a finskou saunu.<\/p>\n<h2>Bobov\u00e1 dr\u00e1ha<\/h2>\n<p>Bobovou dr\u00e1hu najdete sedm kilometr\u016f od na\u0161eho penzionu v obci Lipno nad Vltavou. Je otev\u0159ena celoro\u010dn\u011b. Bli\u017e\u0161\u00ed informace o otev\u00edrac\u00edch hodin\u00e1ch V\u00e1m r\u00e1di poskytneme.<\/p>\n<h2>Dal\u0161\u00ed aktivity<\/h2>\n<p>V p\u0159\u00edpad\u011b Va\u0161eho z\u00e1jmu V\u00e1m r\u00e1di pom\u016f\u017eeme se zaji\u0161t\u011bn\u00edm n\u00e1sleduj\u00edc\u00edch aktivit:<\/p>\n<ul>\n<li>J\u00edzda se sp\u00edm sp\u0159e\u017een\u00edm<\/li>\n<li>Ice surfing<\/li>\n<li>Snowkiting<\/li>\n<li>Sn\u011b\u017enice<\/li>\n<li>J\u00edzda na kon\u00edch<\/li>\n<\/ul>\n","protected":false},"excerpt":{"rendered":"<p>Ski are\u00e1l Lipno Pro n\u00e1ro\u010dn\u011bj\u0161\u00ed sjezda\u0159e a snowboardisty je ide\u00e1ln\u00ed skiare\u00e1l Lipno \u0161est kilometr\u016f z Frymburku. Ly\u017ea\u0159sk\u00fd are\u00e1l Lipno Kramol\u00edn je modern\u00ed, p\u011btihv\u011bzdi\u010dkov\u00e9 ly\u017ea\u0159sk\u00e9 st\u0159edisko zam\u011b\u0159en\u00e9 p\u0159edev\u0161\u00edm na rodiny s d\u011btmi a za\u010d\u00e1te\u010dn\u00edky. Skiare\u00e1l nab\u00edz\u00ed [&hellip;]<\/p>\n","protected":false},"author":1,"featured_media":62,"parent":13,"menu_order":0,"comment_status":"closed","ping_status":"closed","template":"","meta":{"footnotes":""},"class_list":["post-18","page","type-page","status-publish","has-post-thumbnail","hentry"],"translation":{"provider":"WPGlobus","version":"3.0.2","language":"en","enabled_languages":["cs","de","en"],"languages":{"cs":{"title":true,"content":true,"excerpt":false},"de":{"title":true,"content":false,"excerpt":false},"en":{"title":true,"content":false,"excerpt":false}}},"_links":{"self":[{"href":"https:\/\/www.pensionukostela.cz\/en\/wp-json\/wp\/v2\/pages\/18","targetHints":{"allow":["GET"]}}],"collection":[{"href":"https:\/\/www.pensionukostela.cz\/en\/wp-json\/wp\/v2\/pages"}],"about":[{"href":"https:\/\/www.pensionukostela.cz\/en\/wp-json\/wp\/v2\/types\/page"}],"author":[{"embeddable":true,"href":"https:\/\/www.pensionukostela.cz\/en\/wp-json\/wp\/v2\/users\/1"}],"replies":[{"embeddable":true,"href":"https:\/\/www.pensionukostela.cz\/en\/wp-json\/wp\/v2\/comments?post=18"}],"version-history":[{"count":6,"href":"https:\/\/www.pensionukostela.cz\/en\/wp-json\/wp\/v2\/pages\/18\/revisions"}],"predecessor-version":[{"id":329,"href":"https:\/\/www.pensionukostela.cz\/en\/wp-json\/wp\/v2\/pages\/18\/revisions\/329"}],"up":[{"embeddable":true,"href":"https:\/\/www.pensionukostela.cz\/en\/wp-json\/wp\/v2\/pages\/13"}],"wp:featuredmedia":[{"embeddable":true,"href":"https:\/\/www.pensionukostela.cz\/en\/wp-json\/wp\/v2\/media\/62"}],"wp:attachment":[{"href":"https:\/\/www.pensionukostela.cz\/en\/wp-json\/wp\/v2\/media?parent=18"}],"curies":[{"name":"wp","href":"https:\/\/api.w.org\/{rel}","templated":true}]}}