{"id":2,"date":"2016-06-09T13:34:55","date_gmt":"2016-06-09T12:34:55","guid":{"rendered":"http:\/\/pensionukostela.cz\/?page_id=2"},"modified":"2021-12-11T15:56:53","modified_gmt":"2021-12-11T14:56:53","slug":"pension-u-kostela","status":"publish","type":"page","link":"https:\/\/www.pensionukostela.cz\/en\/pension-u-kostela\/","title":{"rendered":"Pension at The church"},"content":{"rendered":"<div id=\"grid-gallery-4-42176\" data-gg-id=\"4\" data-title=\"Pension U Kostela\" data-grid-type=\"0\" data-offset=\"5.3\" data-area-position=\"center\" data-icons=\"\" data-preloader=\"\" data-width=\"215\" data-height=\"215\" data-padding=\"\" data-quicksand=\"disabled\" data-quicksand-duration=\"none\" data-popup-theme=\"theme_6\" data-popup-type=\"pretty-photo\" data-popup-image-text=\"title\" data-popup-widthsize=\"auto\" data-popup-heightsize=\"auto\" data-popup-i18n-words=\"{&quot;close&quot;:&quot;close&quot;,&quot;next&quot;:&quot;next&quot;,&quot;previous&quot;:&quot;previous&quot;,&quot;start_slideshow&quot;:&quot;start slideshow&quot;,&quot;stop_slideshow&quot;:&quot;stop slideshow&quot;,&quot;image&quot;:&quot;image&quot;,&quot;of&quot;:&quot;of&quot;,&quot;prev&quot;:&quot;prev&quot;,&quot;cExpand&quot;:&quot;Expand&quot;,&quot;cPrevious&quot;:&quot;Previous&quot;,&quot;cNext&quot;:&quot;Next&quot;,&quot;cExpandStr&quot;:&quot;Expand the image&quot;,&quot;cRotate&quot;:&quot;Rotate&quot;,&quot;cDetails&quot;:&quot;Details&quot;}\" data-popup-slideshow=\"false\" data-popup-slideshow-speed=\"2500\" data-popup-hoverstop=\"true\" data-popup-slideshow-auto=\"false\" data-popup-background=\"\" data-popup-transparency=\"30\" data-popup-disable-history=\"\" data-popup-disable-changed-url=\"\" data-popup-border-type=\"\" data-popup-border-color=\"\" data-popup-border-width=\"\" data-popup-border-enable=\"\" data-fullscreen=\"false\" data-hide-tooltip=\"\" data-caption-font-family=\"\" data-caption-text-size=\"140\" data-is-mobile=\"0\" data-caption-mobile=\"false\" data-hide-long-tltp-title=\"0\" data-caption-disabled-on-mobile=\"false\" data-popup-placement-type=\"0\" data-social-sharing=\"{&quot;enabled&quot;:null,&quot;gallerySharing&quot;:{&quot;enabled&quot;:null,&quot;position&quot;:null},&quot;imageSharing&quot;:{&quot;enabled&quot;:null,&quot;wrapperClass&quot;:&quot; vertical &quot;},&quot;popupSharing&quot;:{&quot;enabled&quot;:null,&quot;wrapperClass&quot;:&quot; vertical &quot;}}\" class=\"grid-gallery grid-gallery-fixed \" style=\" width:100%; height:auto; margin-left:auto; margin-right:auto;position:relative;\"> <div class=\"gallery-loading\"> <div class=\"blocks\"> <div class=\"block\"><\/div> <div class=\"block\"><\/div> <div class=\"block\"><\/div> <div class=\"block\"><\/div> <\/div> <\/div> <div class=\"gallery-sharing-top\" style=\"display:none;\"> <\/div> <div id=\"photos-4\" class=\"grid-gallery-photos\"><FIGURE class=\"grid-gallery-caption\" data-grid-gallery-type=\"quarter-slide-up\" data-index=\"0\" style=\"display:none;border-radius:00;; margin:5.3px; width:2150;\" ><div class=\"crop\" style=\" width:2150; height:2150; overflow:hidden;\"><img decoding=\"async\" src=\"http:\/\/www.pensionukostela.cz\/wp-content\/uploads\/2016\/06\/pension1-215x215.jpg\" class=\"ggImg\" alt=\"pension1\" title=\"pension1\" data-description=\"pension1\" data-caption=\"pension1\" data-title=\"pension1\" style=\" width:215px; height:215px;\" \/><\/div><FIGCAPTION class=\"\" data-alpha=\"5\" style=\"color:#ffffff; background-color:#6f0000; font-size:140; text-align:2; font-family:;\" ><div class=\"grid-gallery-figcaption-wrap\" style=\"\"><\/div><\/FIGCAPTION><\/FIGURE><FIGURE class=\"grid-gallery-caption\" data-grid-gallery-type=\"quarter-slide-up\" data-index=\"1\" style=\"display:none;border-radius:00;; margin:5.3px; width:2150;\" ><div class=\"crop\" style=\" width:2150; height:2150; overflow:hidden;\"><img decoding=\"async\" src=\"http:\/\/www.pensionukostela.cz\/wp-content\/uploads\/2016\/06\/pension2-215x215.jpg\" class=\"ggImg\" alt=\"pension2\" title=\"pension2\" data-description=\"pension2\" data-caption=\"pension2\" data-title=\"pension2\" style=\" width:215px; height:215px;\" \/><\/div><FIGCAPTION class=\"\" data-alpha=\"5\" style=\"color:#ffffff; background-color:#6f0000; font-size:140; text-align:2; font-family:;\" ><div class=\"grid-gallery-figcaption-wrap\" style=\"\"><\/div><\/FIGCAPTION><\/FIGURE><FIGURE class=\"grid-gallery-caption\" data-grid-gallery-type=\"quarter-slide-up\" data-index=\"2\" style=\"display:none;border-radius:00;; margin:5.3px; width:2150;\" ><div class=\"crop\" style=\" width:2150; height:2150; overflow:hidden;\"><img decoding=\"async\" src=\"http:\/\/www.pensionukostela.cz\/wp-content\/uploads\/2016\/06\/pension3-215x215.jpg\" class=\"ggImg\" alt=\"pension3\" title=\"pension3\" data-description=\"pension3\" data-caption=\"pension3\" data-title=\"pension3\" style=\" width:215px; height:215px;\" \/><\/div><FIGCAPTION class=\"\" data-alpha=\"5\" style=\"color:#ffffff; background-color:#6f0000; font-size:140; text-align:2; font-family:;\" ><div class=\"grid-gallery-figcaption-wrap\" style=\"\"><\/div><\/FIGCAPTION><\/FIGURE><FIGURE class=\"grid-gallery-caption\" data-grid-gallery-type=\"quarter-slide-up\" data-index=\"3\" style=\"display:none;border-radius:00;; margin:5.3px; width:2150;\" ><div class=\"crop\" style=\" width:2150; height:2150; overflow:hidden;\"><img decoding=\"async\" src=\"http:\/\/www.pensionukostela.cz\/wp-content\/uploads\/2016\/06\/pension4-215x215.jpg\" class=\"ggImg\" alt=\"pension4\" title=\"pension4\" data-description=\"pension4\" data-caption=\"pension4\" data-title=\"pension4\" style=\" width:215px; height:215px;\" \/><\/div><FIGCAPTION class=\"\" data-alpha=\"5\" style=\"color:#ffffff; background-color:#6f0000; font-size:140; text-align:2; font-family:;\" ><div class=\"grid-gallery-figcaption-wrap\" style=\"\"><\/div><\/FIGCAPTION><\/FIGURE><FIGURE class=\"grid-gallery-caption\" data-grid-gallery-type=\"quarter-slide-up\" data-index=\"4\" style=\"display:none;border-radius:00;; margin:5.3px; width:2150;\" ><div class=\"crop\" style=\" width:2150; height:2150; overflow:hidden;\"><img decoding=\"async\" src=\"http:\/\/www.pensionukostela.cz\/wp-content\/uploads\/2016\/06\/pension5-215x215.jpg\" class=\"ggImg\" alt=\"pension5\" title=\"pension5\" data-description=\"pension5\" data-caption=\"pension5\" data-title=\"pension5\" style=\" width:215px; height:215px;\" \/><\/div><FIGCAPTION class=\"\" data-alpha=\"5\" style=\"color:#ffffff; background-color:#6f0000; font-size:140; text-align:2; font-family:;\" ><div class=\"grid-gallery-figcaption-wrap\" style=\"\"><\/div><\/FIGCAPTION><\/FIGURE> <div class=\"grid-gallery-clearfix\"><\/div> <\/div> <div class=\"gallery-sharing-bottom\" style=\"display:none;\"> <\/div> <div class=\"gallery-sharing-image\" style=\"display:none;\"> <\/div> <div class=\"gallery-sharing-popup\" style=\"display:none;\"> <\/div> <div class=\"grid-gallery-clearfix\"><\/div> <\/div> <!-- Gallery by Supsystic plugin1.15.32 --><a title=\"Gallery Plugin\" style=\"display:none;\" href=\"https:\/\/supsystic.com\/plugins\/photo-gallery\/?utm_medium=love_link\" target=\"_blank\">Gallery Plugin<\/a>\n<p>V\u00edt\u00e1me V\u00e1s v na\u0161em pensionu ve Frymburku na Lipensku. Frymburk je malebn\u00e9, historick\u00e9 m\u011bste\u010dko, le\u017e\u00edc\u00ed na poloostrov\u011b na lev\u00e9m b\u0159ehu jezera Lipna. Mnoh\u00fdmi n\u00e1v\u0161t\u011bvn\u00edky je Frymburk pova\u017eov\u00e1n za nejkr\u00e1sn\u011bj\u0161\u00ed m\u011bsto Lipenska. Pokud jedete na Lipno a hled\u00e1te kvalitn\u00ed ubytov\u00e1n\u00ed, p\u0159ije\u010fte se k n\u00e1m p\u0159esv\u011bd\u010dit, \u017ee Pension U Kostela je skv\u011bl\u00e1 volba mezi pensiony na Lipn\u011b.<\/p>\n<h2>N\u00e1\u0161 pension<\/h2>\n<p>V\u00fdznamn\u00fdmi symboly Frymburku jsou farn\u00ed gotick\u00fd kostel sv. Bartolom\u011bje a jezero Lipno. N\u00e1\u0161 Pension U Kostela V\u00e1m nab\u00edz\u00ed pokoje s p\u0159ekr\u00e1sn\u00fdm v\u00fdhledem na oba tyto skvosty \u2013 jezero z jedn\u00e9 strany a novogotick\u00e1 v\u011b\u017e kostela z druh\u00e9 strany. U n\u00e1s dostanete komfortn\u00ed ubytov\u00e1n\u00ed a jezero&nbsp;Lipno p\u00e1r krok\u016f od na\u0161eho pensionu.<\/p>\n<p>Sou\u010d\u00e1st\u00ed pensionu je \u00fatuln\u00e1 restaurace s venkovn\u00ed terasou a kr\u00e1sn\u00fdm v\u00fdhledem p\u0159\u00edmo na jezero Lipno. Prostorn\u00e9 a vzdu\u0161n\u00e9 ubytov\u00e1n\u00ed, skv\u011bl\u00e1 kuchyn\u011b, p\u0159\u00edjemn\u00fd person\u00e1l, to jsou atributy na\u0161eho pensionu, kter\u00e9 podtrhnou V\u00e1\u0161 z\u00e1\u017eitek z n\u00e1v\u0161t\u011bvy Lipenska.<\/p>\n<p>Pro je\u0161t\u011b v\u011bt\u0161\u00ed pocit prostoru a soukrom\u00ed m\u016f\u017eete pro sv\u016fj rodinn\u00fd pobyt vyu\u017e\u00edt vyd\u011blen\u00e9 prostorn\u00e9 apartm\u00e1ny, kter\u00e9 pro V\u00e1s m\u00e1me v nab\u00eddce ji\u017e druhou sez\u00f3nu a na\u0161i host\u00e9 si je velmi obl\u00edbili.<\/p>\n<p>Pro nejmen\u0161\u00ed m\u00e1me venkovn\u00ed, uzav\u0159en\u00e9 d\u011btsk\u00e9 h\u0159i\u0161t\u011b a vnit\u0159n\u00ed d\u011btsk\u00fd koutek, kde se na V\u00e1s t\u011b\u0161\u00ed n\u00e1\u0161 dinosaurus Max.<\/p>\n<p>Na Va\u0161i n\u00e1v\u0161t\u011bvu se up\u0159\u00edmn\u011b t\u011b\u0161\u00edme.<\/p>\n<h2>Pr\u00e1v\u011b v restauraci<\/h2>\n<p>V\u00edkendov\u00e9 menu \u2013 ka\u017ed\u00fd v\u00edkend jsme pro V\u00e1s p\u0159ipravili menu sestaven\u00e9 z \u201cpoklad\u016f \u010desk\u00e9 kuchyn\u011b\u201d.<\/p>\n<h2>Spokojen\u00ed host\u00e9<\/h2>\n<blockquote><p><em>Person\u00e1l velmi p\u0159\u00edjemn\u00fd a vst\u0159\u00edcn\u00fd. Pension se nach\u00e1z\u00ed p\u0159\u00edmo u jezera Lipno a p\u0159itom jen 20m pod n\u00e1m\u011bst\u00edm, tak\u017ee v\u0161ude bl\u00edzko. P\u0159i p\u0159\u00ed\u0161t\u00ed n\u00e1v\u0161t\u011bv\u011b Frymburku se zde ur\u010dit\u011b op\u011bt ubytuji.<\/em><br \/>\n<strong><em> Petra Nov\u00e1kov\u00e1, Jihlava<\/em><\/strong><\/p><\/blockquote>\n<blockquote><p><em>Penzion je velmi p\u011bkn\u00fd, kr\u00e1sn\u00e9 pokoje, p\u0159\u00edjemn\u00e9 rodinn\u00e9 prost\u0159ed\u00ed. R\u00e1di v\u0161em doporu\u010dujeme.<\/em><br \/>\n<strong><em> Otakar Krbec, Praha<\/em><\/strong><\/p><\/blockquote>\n<h2>Pro firmy<\/h2>\n<p>Jsme dob\u0159e p\u0159ipraveni i na firemn\u00ed akce. Zajist\u00edme nejen dostatek prostoru pro ubytov\u00e1n\u00ed, ale i prostornou jednac\u00ed m\u00edstnost, po domluv\u011b i s prezenta\u010dn\u00ed technikou. Samoz\u0159ejmost\u00ed je ob\u010derstven\u00ed na Va\u0161e p\u0159\u00e1n\u00ed, sn\u00eddan\u011b, ob\u011bdy a ve\u010de\u0159e v na\u0161\u00ed restauraci.<br \/>\n\u2026 a dovolen\u00e1 m\u016f\u017ee za\u010d\u00edt!<\/p>\n","protected":false},"excerpt":{"rendered":"<p>V\u00edt\u00e1me V\u00e1s v na\u0161em pensionu ve Frymburku na Lipensku. Frymburk je malebn\u00e9, historick\u00e9 m\u011bste\u010dko, le\u017e\u00edc\u00ed na poloostrov\u011b na lev\u00e9m b\u0159ehu jezera Lipna. Mnoh\u00fdmi n\u00e1v\u0161t\u011bvn\u00edky je Frymburk pova\u017eov\u00e1n za nejkr\u00e1sn\u011bj\u0161\u00ed m\u011bsto Lipenska. Pokud jedete na Lipno [&hellip;]<\/p>\n","protected":false},"author":1,"featured_media":133,"parent":0,"menu_order":0,"comment_status":"closed","ping_status":"closed","template":"","meta":{"footnotes":""},"class_list":["post-2","page","type-page","status-publish","has-post-thumbnail","hentry"],"translation":{"provider":"WPGlobus","version":"3.0.2","language":"en","enabled_languages":["cs","de","en"],"languages":{"cs":{"title":true,"content":true,"excerpt":false},"de":{"title":true,"content":true,"excerpt":false},"en":{"title":true,"content":false,"excerpt":false}}},"_links":{"self":[{"href":"https:\/\/www.pensionukostela.cz\/en\/wp-json\/wp\/v2\/pages\/2","targetHints":{"allow":["GET"]}}],"collection":[{"href":"https:\/\/www.pensionukostela.cz\/en\/wp-json\/wp\/v2\/pages"}],"about":[{"href":"https:\/\/www.pensionukostela.cz\/en\/wp-json\/wp\/v2\/types\/page"}],"author":[{"embeddable":true,"href":"https:\/\/www.pensionukostela.cz\/en\/wp-json\/wp\/v2\/users\/1"}],"replies":[{"embeddable":true,"href":"https:\/\/www.pensionukostela.cz\/en\/wp-json\/wp\/v2\/comments?post=2"}],"version-history":[{"count":18,"href":"https:\/\/www.pensionukostela.cz\/en\/wp-json\/wp\/v2\/pages\/2\/revisions"}],"predecessor-version":[{"id":646,"href":"https:\/\/www.pensionukostela.cz\/en\/wp-json\/wp\/v2\/pages\/2\/revisions\/646"}],"wp:featuredmedia":[{"embeddable":true,"href":"https:\/\/www.pensionukostela.cz\/en\/wp-json\/wp\/v2\/media\/133"}],"wp:attachment":[{"href":"https:\/\/www.pensionukostela.cz\/en\/wp-json\/wp\/v2\/media?parent=2"}],"curies":[{"name":"wp","href":"https:\/\/api.w.org\/{rel}","templated":true}]}}