{"id":20,"date":"2016-06-09T13:58:52","date_gmt":"2016-06-09T12:58:52","guid":{"rendered":"http:\/\/pensionukostela.cz\/?page_id=20"},"modified":"2026-01-07T10:15:29","modified_gmt":"2026-01-07T09:15:29","slug":"cenik","status":"publish","type":"page","link":"https:\/\/www.pensionukostela.cz\/en\/cenik\/","title":{"rendered":"Price list"},"content":{"rendered":"\n<div class=\"table-responsive\"><table  style=\"width:100%; \"  class=\"easy-table easy-table-default \" >\n<caption>Ubytov\u00e1n\u00ed (ceny za pokoj a noc)<\/caption>\n<thead>\r\n<tr><th  style=\"width:40%;text-align:left\" ><strong>Typ pokoje<\/strong><\/th>\n<th  style=\"width:50%;text-align:left\" > <strong>Cena<\/th>\n<th  style=\"width:20%;text-align:center\" >\u00a0<\/strong><\/th>\n<\/tr>\n<\/thead>\n<tbody>\r\n<tr><td  style=\"text-align:left\" ><strong>Dvoul\u016f\u017ekov\u00fd<\/td>\n<td  style=\"text-align:left\" ><\/strong> 1.900 K\u010d<\/td>\n<td  style=\"text-align:center\" ><\/td>\n<\/tr>\n\r\n<tr><td  style=\"text-align:left\" ><strong>\u010cty\u0159l\u016f\u017ekov\u00fd<\/strong> <strong>apartm\u00e1n<\/strong><\/td>\n<td  style=\"text-align:left\" > 2.800 K\u010d<\/td>\n<td  style=\"text-align:center\" ><\/td>\n<\/tr>\n\r\n<tr><td  style=\"text-align:left\" ><strong>Apartm\u00e1ny U Jezera<\/strong><\/td>\n<td  style=\"text-align:left\" > 3.100 K\u010d<\/td>\n<td  style=\"text-align:center\" >\u00a0<\/td>\n<\/tr>\n<\/tbody><\/table><\/div>\n<div class=\"table-responsive\"><table  style=\"width:100%; \"  class=\"easy-table easy-table-default \" >\n<caption>Stravov\u00e1n\u00ed (ceny za osobu a den)<\/caption>\n<thead>\r\n<tr><th  style=\"width:45%;text-align:left\" ><strong>Sn\u00eddan\u011b &#8211; \u0161v\u00e9dsk\u00fd st\u016fl<\/strong><\/th>\n<\/tr>\n<\/thead>\n<tbody>\r\n<tr><td  style=\"text-align:left\" >Dosp\u011bl\u00ed<\/td>\n<td  style=\"text-align:left\" >280 K\u010d<\/td>\n<\/tr>\n\r\n<tr><td  style=\"text-align:left\" >D\u011bti 3-11 let<\/td>\n<td  style=\"text-align:left\" >180 K\u010d<\/td>\n<\/tr>\n\r\n<tr><td  style=\"text-align:left\" ><strong>Polopenze pouze p\u0159i pobytu 7 dn\u00ed a v\u00edce &#8211; pol\u00e9vka v\u00fdb\u011br ze dvou menu<\/strong><\/td>\n<\/tr>\n\r\n<tr><td  style=\"text-align:left\" >Dosp\u011bl\u00ed<\/td>\n<td  style=\"text-align:left\" > 550 K\u010d<\/td>\n<\/tr>\n\r\n<tr><td  style=\"text-align:left\" >D\u011bti 3-11 let<\/td>\n<td  style=\"text-align:left\" >400 K\u010d<\/td>\n<\/tr>\n<\/tbody><\/table><\/div>\n\n<p style=\"text-align: left;\"><span style=\"color: #23282d; font-size: 1.6em; font-weight: 600;\">P\u0159\u00edplatky:<\/span><\/p>\n<div class=\"entry-content\">\n<ol>\n<li>P\u0159ist\u00fdlka \u2013 600,- K\u010d na noc.<\/li>\n<li>Lednice na pokoji \u2013 70,- K\u010d na den.<\/li>\n<li>P\u0159i ubytov\u00e1n\u00ed na 1 noc(dvojl\u016f\u017ekov\u00fd pokoj) \u2013 p\u0159\u00edplatek 500,- K\u010d.<\/li>\n<li>Apartm\u00e1n na 1 noc &#8211; p\u0159\u00edplatek 800,-K\u010d.<\/li>\n<li>Pokoj s balkonem \u2013 p\u0159\u00edplatek 200,-K\u010d na den<\/li>\n<li>Dom\u00e1c\u00ed zv\u00ed\u0159e \u2013 p\u0159\u00edplatek(do 5 Kg) 200,- K\u010d (nad 5 Kg) 500,-K\u010d na den.<\/li>\n<li>Rekrea\u010dn\u00ed poplatek \u00fa\u0159adu m\u011bstyse \u010din\u00ed 20,- K\u010d pro dosp\u011blou osobu a den.<\/li>\n<li>P\u0159i ubytov\u00e1n\u00ed na 1 noc(Apartm\u00e1n U Jezera) \u2013 p\u0159\u00edplatek 800,- K\u010d.<\/li>\n<li>P\u0159i ubytov\u00e1n\u00ed dal\u0161\u00ed osoby(d\u00edt\u011b) na pokoji bez n\u00e1rok\u016f na postel je cena 300,-K\u010d za 1 noc.<\/li>\n<\/ol>\n<h2>Slu\u017eby:<\/h2>\n<ul>\n<li><i class=\"icon-check icon-\"> <\/i> Apartm\u00e1ny U Jezera nejsou vybaveny ru\u010dn\u00edky<\/li>\n<li><i class=\"icon-check icon-\">\u00a0<\/i> Parkovi\u0161t\u011b zdarma.<\/li>\n<li><i class=\"icon-check icon-\">\u00a0<\/i> \u00daschovna kol a ly\u017e\u00ed.<\/li>\n<li><i class=\"icon-check icon-\">\u00a0<\/i> D\u011btsk\u00e1 post\u00fdlka zdarma.<\/li>\n<li><i class=\"icon-check icon-\">\u00a0<\/i> D\u00edt\u011b do 2 let v doprovodu 2 dosp\u011bl\u00fdch osob zdarma (ubytov\u00e1n\u00ed a sn\u00eddan\u011b).<\/li>\n<li><i class=\"icon-check icon-\">\u00a0<\/i> Wi-Fi p\u0159\u00edstup k internetu zdarma.<\/li>\n<\/ul>\n<h2>Podm\u00ednky zru\u0161en\u00ed rezervace:<\/h2>\n<p>Storno rezervace do 30 dn\u016f p\u0159ed datem p\u0159\u00edjezdu, nebude V\u00e1m \u00fa\u010dtov\u00e1n \u017e\u00e1dn\u00fd poplatek.<i class=\"icon-warning-sign icon-\">\u00a0<\/i><\/p>\n<p><strong>Mimosezona<\/strong> &#8211; storno 14 dn\u00ed p\u0159ed n\u00e1stupem se z\u00e1loha nevrac\u00ed<\/p>\n<p><strong>Sez\u00f3na<\/strong> &#8211; storno 21 dn\u00ed p\u0159ed n\u00e1stupem se z\u00e1loha nevrac\u00ed<\/p>\n<p>Pokud z v\u00e1\u017en\u00fdch d\u016fvod\u016f nem\u016f\u017eete p\u0159ijet na v\u00e1mi objednan\u00fd term\u00edn, je mo\u017en\u00e9 domluvit jin\u00fd n\u00e1hradn\u00ed term\u00edn. Pak je z\u00e1loha nebo jej\u00ed \u010d\u00e1st (ztr\u00e1ta p\u0159i neobsazen\u00ed pokoje) pou\u017eita pro tento term\u00edn.<\/p>\n<\/div>\n\n\n<p><\/p>\n","protected":false},"excerpt":{"rendered":"<p>P\u0159\u00edplatky: P\u0159ist\u00fdlka \u2013 600,- K\u010d na noc. Lednice na pokoji \u2013 70,- K\u010d na den. P\u0159i ubytov\u00e1n\u00ed na 1 noc(dvojl\u016f\u017ekov\u00fd pokoj) \u2013 p\u0159\u00edplatek 500,- K\u010d. Apartm\u00e1n na 1 noc &#8211; p\u0159\u00edplatek 800,-K\u010d. Pokoj s balkonem [&hellip;]<\/p>\n","protected":false},"author":1,"featured_media":133,"parent":0,"menu_order":0,"comment_status":"closed","ping_status":"closed","template":"","meta":{"footnotes":""},"class_list":["post-20","page","type-page","status-publish","has-post-thumbnail","hentry"],"translation":{"provider":"WPGlobus","version":"3.0.2","language":"en","enabled_languages":["cs","de","en"],"languages":{"cs":{"title":true,"content":true,"excerpt":false},"de":{"title":true,"content":false,"excerpt":false},"en":{"title":true,"content":false,"excerpt":false}}},"_links":{"self":[{"href":"https:\/\/www.pensionukostela.cz\/en\/wp-json\/wp\/v2\/pages\/20","targetHints":{"allow":["GET"]}}],"collection":[{"href":"https:\/\/www.pensionukostela.cz\/en\/wp-json\/wp\/v2\/pages"}],"about":[{"href":"https:\/\/www.pensionukostela.cz\/en\/wp-json\/wp\/v2\/types\/page"}],"author":[{"embeddable":true,"href":"https:\/\/www.pensionukostela.cz\/en\/wp-json\/wp\/v2\/users\/1"}],"replies":[{"embeddable":true,"href":"https:\/\/www.pensionukostela.cz\/en\/wp-json\/wp\/v2\/comments?post=20"}],"version-history":[{"count":166,"href":"https:\/\/www.pensionukostela.cz\/en\/wp-json\/wp\/v2\/pages\/20\/revisions"}],"predecessor-version":[{"id":813,"href":"https:\/\/www.pensionukostela.cz\/en\/wp-json\/wp\/v2\/pages\/20\/revisions\/813"}],"wp:featuredmedia":[{"embeddable":true,"href":"https:\/\/www.pensionukostela.cz\/en\/wp-json\/wp\/v2\/media\/133"}],"wp:attachment":[{"href":"https:\/\/www.pensionukostela.cz\/en\/wp-json\/wp\/v2\/media?parent=20"}],"curies":[{"name":"wp","href":"https:\/\/api.w.org\/{rel}","templated":true}]}}