{"id":6,"date":"2016-06-09T13:44:19","date_gmt":"2016-06-09T12:44:19","guid":{"rendered":"http:\/\/pensionukostela.cz\/?page_id=6"},"modified":"2025-05-13T13:05:46","modified_gmt":"2025-05-13T12:05:46","slug":"pokoje-ubytovani","status":"publish","type":"page","link":"https:\/\/www.pensionukostela.cz\/en\/pension-u-kostela\/pokoje-ubytovani\/","title":{"rendered":"Rooms"},"content":{"rendered":"<p>N\u00e1\u0161 \u00fatuln\u00fd Pension U Kostela ve Frymburku m\u00e1 kapacitu 26 l\u016f\u017eek v 11 pokoj\u00edch. Tedy 5 dvoul\u016f\u017ekov\u00fdch pokoj\u016f s mo\u017enost\u00ed p\u0159ist\u00fdlky, 3 dvoul\u016f\u017ekov\u00e9 pokoje s balkonem a v\u00fdhledem na jezero Lipno, 2 \u010dty\u0159l\u016f\u017ekov\u00e9 apartm\u00e1ny s odd\u011blen\u00fdmi lo\u017enicemi, 1 dvoul\u016f\u017ekov\u00fd, bezbari\u00e9rov\u00fd pokoj. Ka\u017ed\u00fd pokoj m\u00e1 vlastn\u00ed soci\u00e1ln\u00ed za\u0159\u00edzen\u00ed (WC, sprchov\u00fd kout).TV na vy\u017e\u00e1d\u00e1n\u00ed. Polovina pokoj\u016f je s v\u00fdhledem na jezero Lipno, druh\u00e1 polovina s v\u00fdhledem na kopec \u201cMarta\u201d se sjezdovkou a nasv\u00edcenou kapl\u00ed. Ve v\u0161ech pokoj\u00edch je mo\u017enost WiFi p\u0159ipojen\u00ed zdarma. Pension je absolutn\u011b neku\u0159\u00e1ck\u00fd.<\/p>\n<h2>Fotogalerie Pensionu U Kostela<\/h2>\n<div id=\"grid-gallery-1-68319\" data-gg-id=\"1\" data-title=\"Pokoje\" data-grid-type=\"0\" data-offset=\"5.3\" data-area-position=\"center\" data-icons=\"\" data-preloader=\"\" data-width=\"215\" data-height=\"215\" data-padding=\"\" data-quicksand=\"disabled\" data-quicksand-duration=\"none\" data-popup-theme=\"theme_6\" data-popup-type=\"pretty-photo\" data-popup-image-text=\"title\" data-popup-widthsize=\"auto\" data-popup-heightsize=\"auto\" data-popup-i18n-words=\"{&quot;close&quot;:&quot;close&quot;,&quot;next&quot;:&quot;next&quot;,&quot;previous&quot;:&quot;previous&quot;,&quot;start_slideshow&quot;:&quot;start slideshow&quot;,&quot;stop_slideshow&quot;:&quot;stop slideshow&quot;,&quot;image&quot;:&quot;image&quot;,&quot;of&quot;:&quot;of&quot;,&quot;prev&quot;:&quot;prev&quot;,&quot;cExpand&quot;:&quot;Expand&quot;,&quot;cPrevious&quot;:&quot;Previous&quot;,&quot;cNext&quot;:&quot;Next&quot;,&quot;cExpandStr&quot;:&quot;Expand the image&quot;,&quot;cRotate&quot;:&quot;Rotate&quot;,&quot;cDetails&quot;:&quot;Details&quot;}\" data-popup-slideshow=\"false\" data-popup-slideshow-speed=\"2500\" data-popup-hoverstop=\"true\" data-popup-slideshow-auto=\"false\" data-popup-background=\"\" data-popup-transparency=\"30\" data-popup-disable-history=\"\" data-popup-disable-changed-url=\"\" data-popup-border-type=\"\" data-popup-border-color=\"\" data-popup-border-width=\"\" data-popup-border-enable=\"\" data-fullscreen=\"false\" data-hide-tooltip=\"\" data-caption-font-family=\"\" data-caption-text-size=\"140\" data-is-mobile=\"0\" data-caption-mobile=\"false\" data-hide-long-tltp-title=\"0\" data-caption-disabled-on-mobile=\"false\" data-popup-placement-type=\"0\" data-social-sharing=\"{&quot;enabled&quot;:null,&quot;gallerySharing&quot;:{&quot;enabled&quot;:null,&quot;position&quot;:null},&quot;imageSharing&quot;:{&quot;enabled&quot;:null,&quot;wrapperClass&quot;:&quot; vertical &quot;},&quot;popupSharing&quot;:{&quot;enabled&quot;:null,&quot;wrapperClass&quot;:&quot; vertical &quot;}}\" class=\"grid-gallery grid-gallery-fixed \" style=\" width:100%; height:auto; margin-left:auto; margin-right:auto;position:relative;\"> <div class=\"gallery-loading\"> <div class=\"blocks\"> <div class=\"block\"><\/div> <div class=\"block\"><\/div> <div class=\"block\"><\/div> <div class=\"block\"><\/div> <\/div> <\/div> <div class=\"gallery-sharing-top\" style=\"display:none;\"> <\/div> <div id=\"photos-1\" class=\"grid-gallery-photos\"><FIGURE class=\"grid-gallery-caption\" data-grid-gallery-type=\"quarter-slide-up\" data-index=\"0\" style=\"display:none;border-radius:00;; margin:5.3px; width:2150;\" ><div class=\"crop\" style=\" width:2150; height:2150; overflow:hidden;\"><img decoding=\"async\" src=\"http:\/\/www.pensionukostela.cz\/wp-content\/uploads\/2016\/06\/pokoj1-215x215.jpg\" class=\"ggImg\" alt=\"pokoj1\" title=\"pokoj1\" data-description=\"pokoj1\" data-caption=\"pokoj1\" data-title=\"pokoj1\" style=\" width:215px; height:215px;\" \/><\/div><FIGCAPTION class=\"\" data-alpha=\"5\" style=\"color:#ffffff; background-color:#6f0000; font-size:140; text-align:2; font-family:;\" ><div class=\"grid-gallery-figcaption-wrap\" style=\"\"><\/div><\/FIGCAPTION><\/FIGURE><FIGURE class=\"grid-gallery-caption\" data-grid-gallery-type=\"quarter-slide-up\" data-index=\"1\" style=\"display:none;border-radius:00;; margin:5.3px; width:2150;\" ><div class=\"crop\" style=\" width:2150; height:2150; overflow:hidden;\"><img decoding=\"async\" src=\"http:\/\/www.pensionukostela.cz\/wp-content\/uploads\/2016\/06\/pokoj4-215x215.jpg\" class=\"ggImg\" alt=\"pokoj4\" title=\"pokoj4\" data-description=\"pokoj4\" data-caption=\"pokoj4\" data-title=\"pokoj4\" style=\" width:215px; height:215px;\" \/><\/div><FIGCAPTION class=\"\" data-alpha=\"5\" style=\"color:#ffffff; background-color:#6f0000; font-size:140; text-align:2; font-family:;\" ><div class=\"grid-gallery-figcaption-wrap\" style=\"\"><\/div><\/FIGCAPTION><\/FIGURE><FIGURE class=\"grid-gallery-caption\" data-grid-gallery-type=\"quarter-slide-up\" data-index=\"2\" style=\"display:none;border-radius:00;; margin:5.3px; width:2150;\" ><div class=\"crop\" style=\" width:2150; height:2150; overflow:hidden;\"><img decoding=\"async\" src=\"http:\/\/www.pensionukostela.cz\/wp-content\/uploads\/2016\/06\/pokoj3--215x215.jpg\" class=\"ggImg\" alt=\"pokoj3\" title=\"pokoj3\" data-description=\"pokoj3\" data-caption=\"pokoj3\" data-title=\"pokoj3\" style=\" width:215px; height:215px;\" \/><\/div><FIGCAPTION class=\"\" data-alpha=\"5\" style=\"color:#ffffff; background-color:#6f0000; font-size:140; text-align:2; font-family:;\" ><div class=\"grid-gallery-figcaption-wrap\" style=\"\"><\/div><\/FIGCAPTION><\/FIGURE><FIGURE class=\"grid-gallery-caption\" data-grid-gallery-type=\"quarter-slide-up\" data-index=\"3\" style=\"display:none;border-radius:00;; margin:5.3px; width:2150;\" ><div class=\"crop\" style=\" width:2150; height:2150; overflow:hidden;\"><img decoding=\"async\" src=\"http:\/\/www.pensionukostela.cz\/wp-content\/uploads\/2016\/06\/pokoj2-215x215.jpg\" class=\"ggImg\" alt=\"pokoj2\" title=\"pokoj2\" data-description=\"pokoj2\" data-caption=\"pokoj2\" data-title=\"pokoj2\" style=\" width:215px; height:215px;\" \/><\/div><FIGCAPTION class=\"\" data-alpha=\"5\" style=\"color:#ffffff; background-color:#6f0000; font-size:140; text-align:2; font-family:;\" ><div class=\"grid-gallery-figcaption-wrap\" style=\"\"><\/div><\/FIGCAPTION><\/FIGURE><FIGURE class=\"grid-gallery-caption\" data-grid-gallery-type=\"quarter-slide-up\" data-index=\"4\" style=\"display:none;border-radius:00;; margin:5.3px; width:2150;\" ><div class=\"crop\" style=\" width:2150; height:2150; overflow:hidden;\"><img decoding=\"async\" src=\"http:\/\/www.pensionukostela.cz\/wp-content\/uploads\/2016\/06\/pokoj5-215x215.jpg\" class=\"ggImg\" alt=\"pokoj5\" title=\"pokoj5\" data-description=\"pokoj5\" data-caption=\"pokoj5\" data-title=\"pokoj5\" style=\" width:215px; height:215px;\" \/><\/div><FIGCAPTION class=\"\" data-alpha=\"5\" style=\"color:#ffffff; background-color:#6f0000; font-size:140; text-align:2; font-family:;\" ><div class=\"grid-gallery-figcaption-wrap\" style=\"\"><\/div><\/FIGCAPTION><\/FIGURE><FIGURE class=\"grid-gallery-caption\" data-grid-gallery-type=\"quarter-slide-up\" data-index=\"5\" style=\"display:none;border-radius:00;; margin:5.3px; width:2150;\" ><div class=\"crop\" style=\" width:2150; height:2150; overflow:hidden;\"><img decoding=\"async\" src=\"http:\/\/www.pensionukostela.cz\/wp-content\/uploads\/2016\/06\/pokoj6-215x215.jpg\" class=\"ggImg\" alt=\"pokoj6\" title=\"pokoj6\" data-description=\"pokoj6\" data-caption=\"pokoj6\" data-title=\"pokoj6\" style=\" width:215px; height:215px;\" \/><\/div><FIGCAPTION class=\"\" data-alpha=\"5\" style=\"color:#ffffff; background-color:#6f0000; font-size:140; text-align:2; font-family:;\" ><div class=\"grid-gallery-figcaption-wrap\" style=\"\"><\/div><\/FIGCAPTION><\/FIGURE><FIGURE class=\"grid-gallery-caption\" data-grid-gallery-type=\"quarter-slide-up\" data-index=\"6\" style=\"display:none;border-radius:00;; margin:5.3px; width:2150;\" ><div class=\"crop\" style=\" width:2150; height:2150; overflow:hidden;\"><img decoding=\"async\" src=\"http:\/\/www.pensionukostela.cz\/wp-content\/uploads\/2016\/06\/pokoj6a-215x215.jpg\" class=\"ggImg\" alt=\"pokoj6a\" title=\"pokoj6a\" data-description=\"pokoj6a\" data-caption=\"pokoj6a\" data-title=\"pokoj6a\" style=\" width:215px; height:215px;\" \/><\/div><FIGCAPTION class=\"\" data-alpha=\"5\" style=\"color:#ffffff; background-color:#6f0000; font-size:140; text-align:2; font-family:;\" ><div class=\"grid-gallery-figcaption-wrap\" style=\"\"><\/div><\/FIGCAPTION><\/FIGURE><FIGURE class=\"grid-gallery-caption\" data-grid-gallery-type=\"quarter-slide-up\" data-index=\"7\" style=\"display:none;border-radius:00;; margin:5.3px; width:2150;\" ><div class=\"crop\" style=\" width:2150; height:2150; overflow:hidden;\"><img decoding=\"async\" src=\"http:\/\/www.pensionukostela.cz\/wp-content\/uploads\/2016\/06\/pokoj7-215x215.jpg\" class=\"ggImg\" alt=\"pokoj7\" title=\"pokoj7\" data-description=\"pokoj7\" data-caption=\"pokoj7\" data-title=\"pokoj7\" style=\" width:215px; height:215px;\" \/><\/div><FIGCAPTION class=\"\" data-alpha=\"5\" style=\"color:#ffffff; background-color:#6f0000; font-size:140; text-align:2; font-family:;\" ><div class=\"grid-gallery-figcaption-wrap\" style=\"\"><\/div><\/FIGCAPTION><\/FIGURE><FIGURE class=\"grid-gallery-caption\" data-grid-gallery-type=\"quarter-slide-up\" data-index=\"8\" style=\"display:none;border-radius:00;; margin:5.3px; width:2150;\" ><div class=\"crop\" style=\" width:2150; height:2150; overflow:hidden;\"><img decoding=\"async\" src=\"http:\/\/www.pensionukostela.cz\/wp-content\/uploads\/2016\/06\/pokoj9-215x215.jpg\" class=\"ggImg\" alt=\"pokoj9\" title=\"pokoj9\" data-description=\"pokoj9\" data-caption=\"pokoj9\" data-title=\"pokoj9\" style=\" width:215px; height:215px;\" \/><\/div><FIGCAPTION class=\"\" data-alpha=\"5\" style=\"color:#ffffff; background-color:#6f0000; font-size:140; text-align:2; font-family:;\" ><div class=\"grid-gallery-figcaption-wrap\" style=\"\"><\/div><\/FIGCAPTION><\/FIGURE><FIGURE class=\"grid-gallery-caption\" data-grid-gallery-type=\"quarter-slide-up\" data-index=\"9\" style=\"display:none;border-radius:00;; margin:5.3px; width:2150;\" ><div class=\"crop\" style=\" width:2150; height:2150; overflow:hidden;\"><img decoding=\"async\" src=\"http:\/\/www.pensionukostela.cz\/wp-content\/uploads\/2016\/06\/pokoj8-215x215.jpg\" class=\"ggImg\" alt=\"pokoj8\" title=\"pokoj8\" data-description=\"pokoj8\" data-caption=\"pokoj8\" data-title=\"pokoj8\" style=\" width:215px; height:215px;\" \/><\/div><FIGCAPTION class=\"\" data-alpha=\"5\" style=\"color:#ffffff; background-color:#6f0000; font-size:140; text-align:2; font-family:;\" ><div class=\"grid-gallery-figcaption-wrap\" style=\"\"><\/div><\/FIGCAPTION><\/FIGURE><FIGURE class=\"grid-gallery-caption\" data-grid-gallery-type=\"quarter-slide-up\" data-index=\"10\" style=\"display:none;border-radius:00;; margin:5.3px; width:2150;\" ><div class=\"crop\" style=\" width:2150; height:2150; overflow:hidden;\"><img decoding=\"async\" src=\"http:\/\/www.pensionukostela.cz\/wp-content\/uploads\/2016\/06\/pokoj10-215x215.jpg\" class=\"ggImg\" alt=\"pokoj10\" title=\"pokoj10\" data-description=\"pokoj10\" data-caption=\"pokoj10\" data-title=\"pokoj10\" style=\" width:215px; height:215px;\" \/><\/div><FIGCAPTION class=\"\" data-alpha=\"5\" style=\"color:#ffffff; background-color:#6f0000; font-size:140; text-align:2; font-family:;\" ><div class=\"grid-gallery-figcaption-wrap\" style=\"\"><\/div><\/FIGCAPTION><\/FIGURE><FIGURE class=\"grid-gallery-caption\" data-grid-gallery-type=\"quarter-slide-up\" data-index=\"11\" style=\"display:none;border-radius:00;; margin:5.3px; width:2150;\" ><div class=\"crop\" style=\" width:2150; height:2150; overflow:hidden;\"><img decoding=\"async\" src=\"http:\/\/www.pensionukostela.cz\/wp-content\/uploads\/2016\/06\/pokoj11-215x215.jpg\" class=\"ggImg\" alt=\"pokoj11\" title=\"pokoj11\" data-description=\"pokoj11\" data-caption=\"pokoj11\" data-title=\"pokoj11\" style=\" width:215px; height:215px;\" \/><\/div><FIGCAPTION class=\"\" data-alpha=\"5\" style=\"color:#ffffff; background-color:#6f0000; font-size:140; text-align:2; font-family:;\" ><div class=\"grid-gallery-figcaption-wrap\" style=\"\"><\/div><\/FIGCAPTION><\/FIGURE><FIGURE class=\"grid-gallery-caption\" data-grid-gallery-type=\"quarter-slide-up\" data-index=\"12\" style=\"display:none;border-radius:00;; margin:5.3px; width:2150;\" ><div class=\"crop\" style=\" width:2150; height:2150; overflow:hidden;\"><img decoding=\"async\" src=\"http:\/\/www.pensionukostela.cz\/wp-content\/uploads\/2021\/12\/IMG-20200502-WA0035-215x215.jpg\" class=\"ggImg\" alt=\"Apartm\u00e1n je um\u00edst\u011bn v 1 pat\u0159e\" title=\"Apartm\u00e1n 1\" data-description=\"Apartm\u00e1n 1\" data-caption=\"Apartm\u00e1n 1\" data-title=\"Apartm\u00e1n 1\" style=\" width:215px; height:215px;\" \/><\/div><FIGCAPTION class=\"\" data-alpha=\"5\" style=\"color:#ffffff; background-color:#6f0000; font-size:140; text-align:2; font-family:;\" ><div class=\"grid-gallery-figcaption-wrap\" style=\"\"><\/div><\/FIGCAPTION><\/FIGURE> <div class=\"grid-gallery-clearfix\"><\/div> <\/div> <div class=\"gallery-sharing-bottom\" style=\"display:none;\"> <\/div> <div class=\"gallery-sharing-image\" style=\"display:none;\"> <\/div> <div class=\"gallery-sharing-popup\" style=\"display:none;\"> <\/div> <div class=\"grid-gallery-clearfix\"><\/div> <\/div> <!-- Gallery by Supsystic plugin1.15.32 --><a title=\"Gallery Plugin\" style=\"display:none;\" href=\"https:\/\/supsystic.com\/plugins\/photo-gallery\/?utm_medium=love_link\" target=\"_blank\">Gallery Plugin<\/a>\n","protected":false},"excerpt":{"rendered":"<p>N\u00e1\u0161 \u00fatuln\u00fd Pension U Kostela ve Frymburku m\u00e1 kapacitu 26 l\u016f\u017eek v 11 pokoj\u00edch. Tedy 5 dvoul\u016f\u017ekov\u00fdch pokoj\u016f s mo\u017enost\u00ed p\u0159ist\u00fdlky, 3 dvoul\u016f\u017ekov\u00e9 pokoje s balkonem a v\u00fdhledem na jezero Lipno, 2 \u010dty\u0159l\u016f\u017ekov\u00e9 apartm\u00e1ny s [&hellip;]<\/p>\n","protected":false},"author":1,"featured_media":567,"parent":2,"menu_order":0,"comment_status":"closed","ping_status":"closed","template":"","meta":{"footnotes":""},"class_list":["post-6","page","type-page","status-publish","has-post-thumbnail","hentry"],"translation":{"provider":"WPGlobus","version":"3.0.2","language":"en","enabled_languages":["cs","de","en"],"languages":{"cs":{"title":true,"content":true,"excerpt":false},"de":{"title":true,"content":true,"excerpt":false},"en":{"title":true,"content":false,"excerpt":false}}},"_links":{"self":[{"href":"https:\/\/www.pensionukostela.cz\/en\/wp-json\/wp\/v2\/pages\/6","targetHints":{"allow":["GET"]}}],"collection":[{"href":"https:\/\/www.pensionukostela.cz\/en\/wp-json\/wp\/v2\/pages"}],"about":[{"href":"https:\/\/www.pensionukostela.cz\/en\/wp-json\/wp\/v2\/types\/page"}],"author":[{"embeddable":true,"href":"https:\/\/www.pensionukostela.cz\/en\/wp-json\/wp\/v2\/users\/1"}],"replies":[{"embeddable":true,"href":"https:\/\/www.pensionukostela.cz\/en\/wp-json\/wp\/v2\/comments?post=6"}],"version-history":[{"count":24,"href":"https:\/\/www.pensionukostela.cz\/en\/wp-json\/wp\/v2\/pages\/6\/revisions"}],"predecessor-version":[{"id":794,"href":"https:\/\/www.pensionukostela.cz\/en\/wp-json\/wp\/v2\/pages\/6\/revisions\/794"}],"up":[{"embeddable":true,"href":"https:\/\/www.pensionukostela.cz\/en\/wp-json\/wp\/v2\/pages\/2"}],"wp:featuredmedia":[{"embeddable":true,"href":"https:\/\/www.pensionukostela.cz\/en\/wp-json\/wp\/v2\/media\/567"}],"wp:attachment":[{"href":"https:\/\/www.pensionukostela.cz\/en\/wp-json\/wp\/v2\/media?parent=6"}],"curies":[{"name":"wp","href":"https:\/\/api.w.org\/{rel}","templated":true}]}}